{"id":13480,"date":"2026-01-27T10:35:38","date_gmt":"2026-01-27T09:35:38","guid":{"rendered":"https:\/\/goetz-fm.com\/?page_id=13480"},"modified":"2026-01-27T10:43:19","modified_gmt":"2026-01-27T09:43:19","slug":"barrierefreiheitserklarung-cz","status":"publish","type":"page","link":"https:\/\/goetz-fm.com\/cs\/barrierefreiheitserklarung-cz\/","title":{"rendered":"Prohl\u00e1\u0161en\u00ed o p\u0159\u00edstupnosti"},"content":{"rendered":"\t\t<div data-elementor-type=\"wp-page\" data-elementor-id=\"13480\" class=\"elementor elementor-13480\" data-elementor-post-type=\"page\">\n\t\t\t\t\t\t<section class=\"elementor-section elementor-top-section elementor-element elementor-element-d347329 elementor-section-height-min-height elementor-section-items-bottom elementor-section-boxed elementor-section-height-default\" data-id=\"d347329\" data-element_type=\"section\" data-e-type=\"section\" data-settings=\"{&quot;background_background&quot;:&quot;classic&quot;}\">\n\t\t\t\t\t\t<div class=\"elementor-container elementor-column-gap-default\">\n\t\t\t\t\t<div class=\"elementor-column elementor-col-100 elementor-top-column elementor-element elementor-element-e9d9cea\" data-id=\"e9d9cea\" data-element_type=\"column\" data-e-type=\"column\">\n\t\t\t<div class=\"elementor-widget-wrap\">\n\t\t\t\t\t\t\t<\/div>\n\t\t<\/div>\n\t\t\t\t\t<\/div>\n\t\t<\/section>\n\t\t\t\t<section class=\"elementor-section elementor-top-section elementor-element elementor-element-c46f58d elementor-section-boxed elementor-section-height-default elementor-section-height-default\" data-id=\"c46f58d\" data-element_type=\"section\" data-e-type=\"section\">\n\t\t\t\t\t\t<div class=\"elementor-container elementor-column-gap-wider\">\n\t\t\t\t\t<div class=\"elementor-column elementor-col-100 elementor-top-column elementor-element elementor-element-35012d6\" data-id=\"35012d6\" data-element_type=\"column\" data-e-type=\"column\">\n\t\t\t<div class=\"elementor-widget-wrap elementor-element-populated\">\n\t\t\t\t\t\t<div class=\"elementor-element elementor-element-419cdd6 elementor-widget elementor-widget-breadcrumbs\" data-id=\"419cdd6\" data-element_type=\"widget\" data-e-type=\"widget\" data-widget_type=\"breadcrumbs.default\">\n\t\t\t\t<div class=\"elementor-widget-container\">\n\t\t\t\t\t<p id=\"breadcrumbs\"><span><span><a href=\"https:\/\/goetz-fm.com\/cs\/home\/\">Home<\/a><\/span><\/span><\/p>\t\t\t\t<\/div>\n\t\t\t\t<\/div>\n\t\t\t\t<div class=\"elementor-element elementor-element-af204fb elementor-widget elementor-widget-heading\" data-id=\"af204fb\" data-element_type=\"widget\" data-e-type=\"widget\" data-widget_type=\"heading.default\">\n\t\t\t\t<div class=\"elementor-widget-container\">\n\t\t\t\t\t<h1 class=\"elementor-heading-title elementor-size-default\">Prohl\u00e1\u0161en\u00ed o p\u0159\u00edstupnosti<\/h1>\t\t\t\t<\/div>\n\t\t\t\t<\/div>\n\t\t\t\t\t<\/div>\n\t\t<\/div>\n\t\t\t\t\t<\/div>\n\t\t<\/section>\n\t\t\t\t<section class=\"elementor-section elementor-top-section elementor-element elementor-element-b5d486f elementor-reverse-tablet elementor-reverse-mobile content-width elementor-section-boxed elementor-section-height-default elementor-section-height-default\" data-id=\"b5d486f\" data-element_type=\"section\" data-e-type=\"section\">\n\t\t\t\t\t\t<div class=\"elementor-container elementor-column-gap-wider\">\n\t\t\t\t\t<div class=\"elementor-column elementor-col-100 elementor-top-column elementor-element elementor-element-6ee5e17\" data-id=\"6ee5e17\" data-element_type=\"column\" data-e-type=\"column\">\n\t\t\t<div class=\"elementor-widget-wrap elementor-element-populated\">\n\t\t\t\t\t\t<div class=\"elementor-element elementor-element-58c607b elementor-widget__width-initial elementor-widget elementor-widget-text-editor\" data-id=\"58c607b\" data-element_type=\"widget\" data-e-type=\"widget\" data-widget_type=\"text-editor.default\">\n\t\t\t\t<div class=\"elementor-widget-container\">\n\t\t\t\t\t\t\t\t\t<p>Spole\u010dnost G\u00f6tz Management-Holding AG se sna\u017e\u00ed zajistit, aby jej\u00ed webov\u00e1 str\u00e1nka <a href=\"https:\/\/goetz-fm.com\/\">https:\/\/goetz-fm.com\/<\/a> byla p\u0159\u00edstupn\u00e1 v souladu se z\u00e1konem o pos\u00edlen\u00ed p\u0159\u00edstupnosti (BFSG). Toto prohl\u00e1\u0161en\u00ed o p\u0159\u00edstupnosti se vztahuje na webovou str\u00e1nku <a href=\"https:\/\/goetz-fm.com\/\">https:\/\/goetz-fm.com\/<\/a>.<\/p><p><strong>G\u00f6tz-Management-Holding AG<\/strong><br \/>\u00dast\u0159ed\u00ed Regensburg<br \/>Hofer Stra\u00dfe 10<br \/>93057 Regensburg<br \/>Tel.: +49 941 6404-0<br \/>Fax: +49 941 6404-190<br \/>E-mail: service@goetz-fm.com<\/p><p><strong>Obecn\u00fd popis poskytovan\u00fdch slu\u017eeb:<\/strong><br \/>Na t\u00e9to webov\u00e9 str\u00e1nce poskytuje provozovatelka webu p\u0159ehled o \u010dinnostech a slu\u017eb\u00e1ch skupiny G\u00f6tz. Prezentovan\u00e9 slu\u017eby zahrnuj\u00ed \u00faklid a hygienu, pr\u016fmyslov\u00fd servis, letn\u00ed a zimn\u00ed \u00fadr\u017ebu, bezpe\u010dnostn\u00ed slu\u017eby, p\u0159epravu pen\u011bz a cennost\u00ed, \u017eelezni\u010dn\u00ed slu\u017eby, logistick\u00e9 slu\u017eby, catering, \u0159emesln\u00e9 a stavebn\u00ed pr\u00e1ce, st\u011bhovac\u00ed slu\u017eby, slu\u017eby domovn\u00edka, spr\u00e1vu dom\u016f a budov, technickou spr\u00e1vu provozu a \u00fadr\u017ebu, hotelov\u00e9 slu\u017eby a person\u00e1ln\u00ed slu\u017eby.<\/p><p>N\u00e1v\u0161t\u011bvn\u00edci webov\u00e9 str\u00e1nky se zde mohou informovat o druhu, rozsahu a zp\u016fsobu poskytov\u00e1n\u00ed t\u011bchto slu\u017eeb.<\/p><p>D\u00e1le jsou zde k dispozici informace o udr\u017eitelnosti spole\u010dnosti a kontaktn\u00ed m\u00edsto podle z\u00e1kona na ochranu oznamovatel\u016f (Hinweisgeberschutzgesetz).<\/p><p>Krom\u011b toho je mo\u017en\u00e9 uch\u00e1zet se o zam\u011bstn\u00e1n\u00ed, prohl\u00ed\u017eet vypsan\u00e9 pracovn\u00ed pozice a sledovat zpravodajskou sekci s aktu\u00e1ln\u00edmi informacemi o spole\u010dnosti.<\/p><p>Webov\u00e1 str\u00e1nka rovn\u011b\u017e umo\u017e\u0148uje kontakt prost\u0159ednictv\u00edm integrovan\u00fdch formul\u00e1\u0159\u016f.<br \/>D\u00e1le obsahuje p\u0159ehled pobo\u010dek a zastoupen\u00ed podnikov\u00e9 skupiny.<\/p><p><strong>Stav souladu s po\u017eadavky na p\u0159\u00edstupnost:<\/strong><br \/>Po\u017eadavky na p\u0159\u00edstupnost vych\u00e1zej\u00ed z \u00a7 3 odst. 2 z\u00e1kona BFSG v n\u00e1vaznosti na souvisej\u00edc\u00ed pr\u00e1vn\u00ed p\u0159edpisy.<br \/>Posouzen\u00ed souladu bylo provedeno pomoc\u00ed webov\u00fdch n\u00e1stroj\u016f v \u010dervenci 2025.<\/p><p>Webov\u00e1 str\u00e1nka je z velk\u00e9 \u010d\u00e1sti v souladu s normou WCAG 2.1 na \u00farovni AA.<br \/>P\u0159\u00edstupnost je do zna\u010dn\u00e9 m\u00edry zaji\u0161t\u011bna integrac\u00ed n\u00e1stroje <strong>DIGIaccess<\/strong>.<\/p><p>Webov\u00e1 str\u00e1nka v\u0161ak nen\u00ed pln\u011b v souladu s platn\u00fdmi p\u0159edpisy o p\u0159\u00edstupnosti. Podrobn\u011b:<\/p><p><strong>Nep\u0159\u00edstupn\u00fd obsah:<\/strong><br \/>N\u00e1sleduj\u00edc\u00ed obsah nen\u00ed p\u0159\u00edstupn\u00fd z t\u011bchto d\u016fvod\u016f:<\/p><ul><li>Chyb\u011bj\u00edc\u00ed nebo nedostate\u010dn\u00e9 titulky u vide\u00ed (neexistuj\u00ed \u00fapln\u00e9 p\u0159episy nebo zvukov\u00e9 popisy).<\/li><li>PDF dokumenty nejsou p\u0159\u00edstupn\u00e9 (chyb\u00ed zna\u010dky, struktura nen\u00ed p\u0159\u00edstupn\u00e1).<\/li><li>Integrovan\u00e1 extern\u00ed aplikace pro spr\u00e1vu uchaze\u010d\u016f (\u201eP&amp;I Bewerbermanagement\u201c) nen\u00ed v sou\u010dasnosti p\u0159\u00edstupn\u00e1 a m\u016f\u017ee b\u00fdt obt\u00ed\u017en\u011b pou\u017eiteln\u00e1 zejm\u00e9na pro u\u017eivatele \u010dte\u010dek obrazovky nebo osoby s motorick\u00fdm posti\u017een\u00edm.<\/li><\/ul><p><strong>Nep\u0159im\u011b\u0159en\u00e1 z\u00e1t\u011b\u017e:<\/strong><br \/>Podle \u010dl\u00e1nku 5 sm\u011brnice (EU) 2016\/2102 m\u016f\u017ee b\u00fdt u ur\u010dit\u00fdch obsah\u016f uplatn\u011bna v\u00fdjimka z d\u016fvodu nep\u0159im\u011b\u0159en\u00e9 z\u00e1t\u011b\u017ee. Navzdory na\u0161emu \u00fasil\u00ed v sou\u010dasnosti nem\u016f\u017eeme nab\u00eddnout n\u00e1sleduj\u00edc\u00ed obsah pln\u011b p\u0159\u00edstupn\u00fd:<\/p><ul><li><strong>Star\u0161\u00ed PDF a Office dokumenty:<\/strong><br \/>V\u0161echny PDF a Word dokumenty zve\u0159ejn\u011bn\u00e9 p\u0159ed 25.07.2025 nejsou p\u0159\u00edstupn\u00e9. Tyto dokumenty \u010dasto postr\u00e1daj\u00ed strukturov\u00e1n\u00ed, alternativn\u00ed texty k obr\u00e1zk\u016fm nebo obsahuj\u00ed slo\u017eit\u00fd obsah, jeho\u017e p\u0159epracov\u00e1n\u00ed by vy\u017eadovalo dal\u0161\u00ed zdroje.<\/li><\/ul><p>Nov\u00e9 dokumenty jsou dle mo\u017enost\u00ed poskytov\u00e1ny v p\u0159\u00edstupn\u00e9m form\u00e1tu.<br \/>Pokud pot\u0159ebujete konkr\u00e9tn\u00ed dokument v p\u0159\u00edstupn\u00e9 verzi, kontaktujte n\u00e1s pros\u00edm na service@goetz-fm.com.<\/p><ul><li><strong>Star\u0161\u00ed videa bez titulk\u016f nebo zvukov\u00e9ho popisu:<\/strong><br \/>Videa zve\u0159ejn\u011bn\u00e1 p\u0159ed 28. \u010dervnem 2025 mohou postr\u00e1dat titulky, audiopopis nebo p\u0159\u00edstupn\u00e9 ovl\u00e1d\u00e1n\u00ed.<br \/>Nov\u00e1 videa jsou podle mo\u017enost\u00ed opat\u0159ov\u00e1na titulky a dal\u0161\u00edmi p\u0159\u00edstupn\u00fdmi funkcemi.<br \/>Pokud pot\u0159ebujete pomoc se star\u0161\u00edmi videoobsahy, kontaktujte n\u00e1s pros\u00edm na <a href=\"mailto:service@goetz-fm.com\">service@goetz-fm.com<\/a>.<\/li><li><strong>Spr\u00e1va uchaze\u010d\u016f (Bewerbermanagement):<\/strong><br \/>Na na\u0161em webu je integrov\u00e1n extern\u00ed syst\u00e9m \u201eP&amp;I Bewerbermanagement\u201c, kter\u00fd v sou\u010dasn\u00e9 dob\u011b nespl\u0148uje pln\u011b po\u017eadavky na p\u0159\u00edstupnost.<br \/>Jeliko\u017e se jedn\u00e1 o samostatnou aplikaci t\u0159et\u00ed strany, nem\u00e1me p\u0159\u00edm\u00fd vliv na jej\u00ed \u00fapravy. Jsme v kontaktu s poskytovatelem a sna\u017e\u00edme se o zlep\u0161en\u00ed.<br \/>Pokud m\u00e1te pot\u00ed\u017ee s pou\u017eit\u00edm port\u00e1lu pro uchaze\u010de, r\u00e1di v\u00e1m nab\u00eddneme p\u0159\u00edstupnou alternativu. Kontaktujte n\u00e1s pros\u00edm prost\u0159ednictv\u00edm uveden\u00e9 adresy, telefonn\u00edho \u010d\u00edsla nebo e-mailu.<\/li><\/ul><p><strong>Zp\u011btn\u00e1 vazba a kontaktn\u00ed \u00fadaje:<\/strong><br \/>Zaznamenali jste na webov\u00fdch str\u00e1nk\u00e1ch <a href=\"https:\/\/goetz-fm.com\/\">https:\/\/goetz-fm.com\/<\/a> n\u011bjak\u00e9 p\u0159ek\u00e1\u017eky v p\u0159\u00edstupu k obsahu? Pak n\u00e1s pros\u00edm kontaktujte. Va\u0161e zp\u011btn\u00e1 vazba je pro n\u00e1s d\u016fle\u017eit\u00e1 a sna\u017e\u00edme se nahl\u00e1\u0161en\u00e9 bari\u00e9ry odstranit co nejd\u0159\u00edve v r\u00e1mci na\u0161ich technick\u00fdch a ekonomick\u00fdch mo\u017enost\u00ed.<br \/>Uve\u010fte pros\u00edm, na kter\u00e9 str\u00e1nce a u kter\u00e9 funkce jste se s bari\u00e9rou setkali. Pro zjednodu\u0161en\u00ed n\u00e1m za\u0161lete odkaz z adresn\u00edho \u0159\u00e1dku Va\u0161eho prohl\u00ed\u017ee\u010de.<\/p><p>Bari\u00e9ry n\u00e1m m\u016f\u017eete nahl\u00e1sit t\u011bmito zp\u016fsoby:<\/p><p><strong>Po\u0161tou:<\/strong><br \/>G\u00f6tz-Management-Holding AG<br \/>\u00dast\u0159ed\u00ed Regensburg<br \/>Hofer Stra\u00dfe 10<br \/>93057 Regensburg<\/p><p><strong>Telefonicky:<\/strong> +49 941 6404-0<br \/><strong>Faxem:<\/strong> +49 941 6404-190<br \/><strong>E-mailem:<\/strong> service@goetz-fm.com<\/p><p><strong>Sm\u00edr\u010d\u00ed \u0159\u00edzen\u00ed:<\/strong><br \/>Pokud ani po zp\u011btn\u00e9 vazb\u011b zaslan\u00e9 v\u00fd\u0161e uveden\u00e9mu kontaktu nedojde k uspokojiv\u00e9mu \u0159e\u0161en\u00ed, m\u016f\u017eete se obr\u00e1tit na sm\u00edr\u010d\u00ed org\u00e1n podle \u00a7 34 z\u00e1kona BFSG. Sm\u00edr\u010d\u00ed org\u00e1n je stanoven podle \u00a7 16 odst. 1 z\u00e1kona o rovn\u00e9m postaven\u00ed osob se zdravotn\u00edm posti\u017een\u00edm. Jeho \u00fakolem je podpo\u0159it mimosoudn\u00ed \u0159e\u0161en\u00ed spor\u016f t\u00fdkaj\u00edc\u00edch se p\u0159\u00edstupnosti mezi osobami se zdravotn\u00edm posti\u017een\u00edm a hospod\u00e1\u0159sk\u00fdmi subjekty.<\/p><p>Sm\u00edr\u010d\u00ed \u0159\u00edzen\u00ed je bezplatn\u00e9. Nen\u00ed nutn\u00e9 vyu\u017e\u00edt pr\u00e1vn\u00edho z\u00e1stupce.<\/p><p>Sm\u00edr\u010d\u00ed org\u00e1n m\u016f\u017eete kontaktovat na adrese:<\/p><p><strong>c\/o Ministerstvo pr\u00e1ce, soci\u00e1ln\u00edch v\u011bc\u00ed, zdravotnictv\u00ed a rovn\u00fdch p\u0159\u00edle\u017eitost\u00ed Saska-Anhaltska<\/strong><br \/>P.O. Box 39 11 55<br \/>39135 Magdeburk<br \/>Telefon: 0391 567 6970<br \/>E-mail: MLBF(at)ms.sachsen-anhalt.de<\/p><p>Toto prohl\u00e1\u0161en\u00ed o p\u0159\u00edstupnosti bylo sestaveno s maxim\u00e1ln\u00ed p\u00e9\u010d\u00ed. Pravideln\u011b jej aktualizujeme, abychom i nad\u00e1le plnili po\u017eadavky a technick\u00e9 standardy. P\u0159esto nelze zcela vylou\u010dit chyby. Pokud v tomto prohl\u00e1\u0161en\u00ed naleznete chybu, informujte n\u00e1s pros\u00edm prost\u0159ednictv\u00edm uveden\u00fdch kontaktn\u00edch \u00fadaj\u016f.<\/p><p>Regensburg, 27.01.2026<\/p><p>\u00a0<\/p>\t\t\t\t\t\t\t\t<\/div>\n\t\t\t\t<\/div>\n\t\t\t\t\t<\/div>\n\t\t<\/div>\n\t\t\t\t\t<\/div>\n\t\t<\/section>\n\t\t\t\t<\/div>\n\t\t","protected":false},"excerpt":{"rendered":"<p>Prohl\u00e1\u0161en\u00ed o p\u0159\u00edstupnosti Spole\u010dnost G\u00f6tz Management-Holding AG se sna\u017e\u00ed zajistit, aby jej\u00ed webov\u00e1 str\u00e1nka https:\/\/goetz-fm.com\/ byla p\u0159\u00edstupn\u00e1 v souladu se z\u00e1konem o pos\u00edlen\u00ed p\u0159\u00edstupnosti (BFSG). Toto prohl\u00e1\u0161en\u00ed o p\u0159\u00edstupnosti se vztahuje na webovou str\u00e1nku https:\/\/goetz-fm.com\/. G\u00f6tz-Management-Holding AG\u00dast\u0159ed\u00ed RegensburgHofer Stra\u00dfe 1093057 RegensburgTel.: +49 941 6404-0Fax: +49 941 6404-190E-mail: service@goetz-fm.com Obecn\u00fd popis poskytovan\u00fdch slu\u017eeb:Na t\u00e9to webov\u00e9 str\u00e1nce [&hellip;]<\/p>\n","protected":false},"author":8,"featured_media":0,"parent":0,"menu_order":0,"comment_status":"closed","ping_status":"closed","template":"","meta":{"_acf_changed":false,"footnotes":""},"class_list":["post-13480","page","type-page","status-publish","hentry"],"acf":[],"yoast_head":"<!-- This site is optimized with the Yoast SEO plugin v27.2 - https:\/\/yoast.com\/product\/yoast-seo-wordpress\/ -->\n<title>Prohl\u00e1\u0161en\u00ed o p\u0159\u00edstupnosti - G\u00f6tz-Gruppe<\/title>\n<meta name=\"description\" content=\"Wie wir ihre Daten sch\u00fctzen, mit pers\u00f6nlichen Informationen umgehen und den Kontakt zu unserem Datenschutzbeauftragten finden Sie hier.\" \/>\n<meta name=\"robots\" content=\"index, follow, max-snippet:-1, max-image-preview:large, max-video-preview:-1\" \/>\n<link rel=\"canonical\" href=\"https:\/\/goetz-fm.com\/cs\/barrierefreiheitserklarung-cz\/\" \/>\n<meta property=\"og:locale\" content=\"cs_CZ\" \/>\n<meta property=\"og:type\" content=\"article\" \/>\n<meta property=\"og:title\" content=\"Prohl\u00e1\u0161en\u00ed o p\u0159\u00edstupnosti - G\u00f6tz-Gruppe\" \/>\n<meta property=\"og:description\" content=\"Wie wir ihre Daten sch\u00fctzen, mit pers\u00f6nlichen Informationen umgehen und den Kontakt zu unserem Datenschutzbeauftragten finden Sie hier.\" \/>\n<meta property=\"og:url\" content=\"https:\/\/goetz-fm.com\/cs\/barrierefreiheitserklarung-cz\/\" \/>\n<meta property=\"og:site_name\" content=\"G\u00f6tz-Gruppe\" \/>\n<meta property=\"article:modified_time\" content=\"2026-01-27T09:43:19+00:00\" \/>\n<meta name=\"twitter:card\" content=\"summary_large_image\" \/>\n<meta name=\"twitter:label1\" content=\"Odhadovan\u00e1 doba \u010dten\u00ed\" \/>\n\t<meta name=\"twitter:data1\" content=\"5 minut\" \/>\n<script type=\"application\/ld+json\" class=\"yoast-schema-graph\">{\"@context\":\"https:\/\/schema.org\",\"@graph\":[{\"@type\":\"WebPage\",\"@id\":\"https:\/\/goetz-fm.com\/cs\/barrierefreiheitserklarung-cz\/\",\"url\":\"https:\/\/goetz-fm.com\/cs\/barrierefreiheitserklarung-cz\/\",\"name\":\"Prohl\u00e1\u0161en\u00ed o p\u0159\u00edstupnosti - G\u00f6tz-Gruppe\",\"isPartOf\":{\"@id\":\"https:\/\/goetz-fm.com\/cs\/#website\"},\"datePublished\":\"2026-01-27T09:35:38+00:00\",\"dateModified\":\"2026-01-27T09:43:19+00:00\",\"description\":\"Wie wir ihre Daten sch\u00fctzen, mit pers\u00f6nlichen Informationen umgehen und den Kontakt zu unserem Datenschutzbeauftragten finden Sie hier.\",\"breadcrumb\":{\"@id\":\"https:\/\/goetz-fm.com\/cs\/barrierefreiheitserklarung-cz\/#breadcrumb\"},\"inLanguage\":\"cs\",\"potentialAction\":[{\"@type\":\"ReadAction\",\"target\":[\"https:\/\/goetz-fm.com\/cs\/barrierefreiheitserklarung-cz\/\"]}]},{\"@type\":\"BreadcrumbList\",\"@id\":\"https:\/\/goetz-fm.com\/cs\/barrierefreiheitserklarung-cz\/#breadcrumb\",\"itemListElement\":[{\"@type\":\"ListItem\",\"position\":1,\"name\":\"Home\",\"item\":\"https:\/\/goetz-fm.com\/cs\/home\/\"},{\"@type\":\"ListItem\",\"position\":2,\"name\":\"Prohl\u00e1\u0161en\u00ed o p\u0159\u00edstupnosti\"}]},{\"@type\":\"WebSite\",\"@id\":\"https:\/\/goetz-fm.com\/cs\/#website\",\"url\":\"https:\/\/goetz-fm.com\/cs\/\",\"name\":\"G\u00f6tz-Gruppe\",\"description\":\"Quality Services\",\"publisher\":{\"@id\":\"https:\/\/goetz-fm.com\/cs\/#organization\"},\"potentialAction\":[{\"@type\":\"SearchAction\",\"target\":{\"@type\":\"EntryPoint\",\"urlTemplate\":\"https:\/\/goetz-fm.com\/cs\/?s={search_term_string}\"},\"query-input\":{\"@type\":\"PropertyValueSpecification\",\"valueRequired\":true,\"valueName\":\"search_term_string\"}}],\"inLanguage\":\"cs\"},{\"@type\":\"Organization\",\"@id\":\"https:\/\/goetz-fm.com\/cs\/#organization\",\"name\":\"G\u00f6tz-Management-Holding AG\",\"url\":\"https:\/\/goetz-fm.com\/cs\/\",\"logo\":{\"@type\":\"ImageObject\",\"inLanguage\":\"cs\",\"@id\":\"https:\/\/goetz-fm.com\/cs\/#\/schema\/logo\/image\/\",\"url\":\"https:\/\/goetz-fm.com\/wp-content\/uploads\/goetz_logo.svg\",\"contentUrl\":\"https:\/\/goetz-fm.com\/wp-content\/uploads\/goetz_logo.svg\",\"width\":1098,\"height\":436,\"caption\":\"G\u00f6tz-Management-Holding AG\"},\"image\":{\"@id\":\"https:\/\/goetz-fm.com\/cs\/#\/schema\/logo\/image\/\"}}]}<\/script>\n<!-- \/ Yoast SEO plugin. -->","yoast_head_json":{"title":"Prohl\u00e1\u0161en\u00ed o p\u0159\u00edstupnosti - G\u00f6tz-Gruppe","description":"Wie wir ihre Daten sch\u00fctzen, mit pers\u00f6nlichen Informationen umgehen und den Kontakt zu unserem Datenschutzbeauftragten finden Sie hier.","robots":{"index":"index","follow":"follow","max-snippet":"max-snippet:-1","max-image-preview":"max-image-preview:large","max-video-preview":"max-video-preview:-1"},"canonical":"https:\/\/goetz-fm.com\/cs\/barrierefreiheitserklarung-cz\/","og_locale":"cs_CZ","og_type":"article","og_title":"Prohl\u00e1\u0161en\u00ed o p\u0159\u00edstupnosti - G\u00f6tz-Gruppe","og_description":"Wie wir ihre Daten sch\u00fctzen, mit pers\u00f6nlichen Informationen umgehen und den Kontakt zu unserem Datenschutzbeauftragten finden Sie hier.","og_url":"https:\/\/goetz-fm.com\/cs\/barrierefreiheitserklarung-cz\/","og_site_name":"G\u00f6tz-Gruppe","article_modified_time":"2026-01-27T09:43:19+00:00","twitter_card":"summary_large_image","twitter_misc":{"Odhadovan\u00e1 doba \u010dten\u00ed":"5 minut"},"schema":{"@context":"https:\/\/schema.org","@graph":[{"@type":"WebPage","@id":"https:\/\/goetz-fm.com\/cs\/barrierefreiheitserklarung-cz\/","url":"https:\/\/goetz-fm.com\/cs\/barrierefreiheitserklarung-cz\/","name":"Prohl\u00e1\u0161en\u00ed o p\u0159\u00edstupnosti - G\u00f6tz-Gruppe","isPartOf":{"@id":"https:\/\/goetz-fm.com\/cs\/#website"},"datePublished":"2026-01-27T09:35:38+00:00","dateModified":"2026-01-27T09:43:19+00:00","description":"Wie wir ihre Daten sch\u00fctzen, mit pers\u00f6nlichen Informationen umgehen und den Kontakt zu unserem Datenschutzbeauftragten finden Sie hier.","breadcrumb":{"@id":"https:\/\/goetz-fm.com\/cs\/barrierefreiheitserklarung-cz\/#breadcrumb"},"inLanguage":"cs","potentialAction":[{"@type":"ReadAction","target":["https:\/\/goetz-fm.com\/cs\/barrierefreiheitserklarung-cz\/"]}]},{"@type":"BreadcrumbList","@id":"https:\/\/goetz-fm.com\/cs\/barrierefreiheitserklarung-cz\/#breadcrumb","itemListElement":[{"@type":"ListItem","position":1,"name":"Home","item":"https:\/\/goetz-fm.com\/cs\/home\/"},{"@type":"ListItem","position":2,"name":"Prohl\u00e1\u0161en\u00ed o p\u0159\u00edstupnosti"}]},{"@type":"WebSite","@id":"https:\/\/goetz-fm.com\/cs\/#website","url":"https:\/\/goetz-fm.com\/cs\/","name":"G\u00f6tz-Gruppe","description":"Quality Services","publisher":{"@id":"https:\/\/goetz-fm.com\/cs\/#organization"},"potentialAction":[{"@type":"SearchAction","target":{"@type":"EntryPoint","urlTemplate":"https:\/\/goetz-fm.com\/cs\/?s={search_term_string}"},"query-input":{"@type":"PropertyValueSpecification","valueRequired":true,"valueName":"search_term_string"}}],"inLanguage":"cs"},{"@type":"Organization","@id":"https:\/\/goetz-fm.com\/cs\/#organization","name":"G\u00f6tz-Management-Holding AG","url":"https:\/\/goetz-fm.com\/cs\/","logo":{"@type":"ImageObject","inLanguage":"cs","@id":"https:\/\/goetz-fm.com\/cs\/#\/schema\/logo\/image\/","url":"https:\/\/goetz-fm.com\/wp-content\/uploads\/goetz_logo.svg","contentUrl":"https:\/\/goetz-fm.com\/wp-content\/uploads\/goetz_logo.svg","width":1098,"height":436,"caption":"G\u00f6tz-Management-Holding AG"},"image":{"@id":"https:\/\/goetz-fm.com\/cs\/#\/schema\/logo\/image\/"}}]}},"_links":{"self":[{"href":"https:\/\/goetz-fm.com\/cs\/wp-json\/wp\/v2\/pages\/13480","targetHints":{"allow":["GET"]}}],"collection":[{"href":"https:\/\/goetz-fm.com\/cs\/wp-json\/wp\/v2\/pages"}],"about":[{"href":"https:\/\/goetz-fm.com\/cs\/wp-json\/wp\/v2\/types\/page"}],"author":[{"embeddable":true,"href":"https:\/\/goetz-fm.com\/cs\/wp-json\/wp\/v2\/users\/8"}],"replies":[{"embeddable":true,"href":"https:\/\/goetz-fm.com\/cs\/wp-json\/wp\/v2\/comments?post=13480"}],"version-history":[{"count":5,"href":"https:\/\/goetz-fm.com\/cs\/wp-json\/wp\/v2\/pages\/13480\/revisions"}],"predecessor-version":[{"id":13489,"href":"https:\/\/goetz-fm.com\/cs\/wp-json\/wp\/v2\/pages\/13480\/revisions\/13489"}],"wp:attachment":[{"href":"https:\/\/goetz-fm.com\/cs\/wp-json\/wp\/v2\/media?parent=13480"}],"curies":[{"name":"wp","href":"https:\/\/api.w.org\/{rel}","templated":true}]}}