{"id":7276,"date":"2023-12-14T17:38:34","date_gmt":"2023-12-14T16:38:34","guid":{"rendered":"https:\/\/goetz-fm.com\/?page_id=7276"},"modified":"2025-11-19T09:26:56","modified_gmt":"2025-11-19T08:26:56","slug":"kontakt-2","status":"publish","type":"page","link":"https:\/\/goetz-fm.com\/cs\/kontakt-2\/","title":{"rendered":"Kontakt"},"content":{"rendered":"\t\t<div data-elementor-type=\"wp-page\" data-elementor-id=\"7276\" class=\"elementor elementor-7276 elementor-7274\" data-elementor-post-type=\"page\">\n\t\t\t\t\t\t<section class=\"elementor-section elementor-top-section elementor-element elementor-element-c8ea2ed elementor-section-height-min-height elementor-section-items-bottom elementor-section-boxed elementor-section-height-default\" data-id=\"c8ea2ed\" data-element_type=\"section\" data-e-type=\"section\" data-settings=\"{&quot;background_background&quot;:&quot;classic&quot;}\">\n\t\t\t\t\t\t<div class=\"elementor-container elementor-column-gap-default\">\n\t\t\t\t\t<div class=\"elementor-column elementor-col-100 elementor-top-column elementor-element elementor-element-41e56d0\" data-id=\"41e56d0\" data-element_type=\"column\" data-e-type=\"column\">\n\t\t\t<div class=\"elementor-widget-wrap\">\n\t\t\t\t\t\t\t<\/div>\n\t\t<\/div>\n\t\t\t\t\t<\/div>\n\t\t<\/section>\n\t\t\t\t<section class=\"elementor-section elementor-top-section elementor-element elementor-element-d947291 elementor-section-boxed elementor-section-height-default elementor-section-height-default\" data-id=\"d947291\" data-element_type=\"section\" data-e-type=\"section\">\n\t\t\t\t\t\t<div class=\"elementor-container elementor-column-gap-wider\">\n\t\t\t\t\t<div class=\"elementor-column elementor-col-100 elementor-top-column elementor-element elementor-element-efc0384\" data-id=\"efc0384\" data-element_type=\"column\" data-e-type=\"column\">\n\t\t\t<div class=\"elementor-widget-wrap elementor-element-populated\">\n\t\t\t\t\t\t<div class=\"elementor-element elementor-element-b3ab9d0 elementor-widget elementor-widget-breadcrumbs\" data-id=\"b3ab9d0\" data-element_type=\"widget\" data-e-type=\"widget\" data-widget_type=\"breadcrumbs.default\">\n\t\t\t\t<div class=\"elementor-widget-container\">\n\t\t\t\t\t<p id=\"breadcrumbs\"><span><span><a href=\"https:\/\/goetz-fm.com\/cs\/home\/\">Home<\/a><\/span><\/span><\/p>\t\t\t\t<\/div>\n\t\t\t\t<\/div>\n\t\t\t\t<div class=\"elementor-element elementor-element-060110b elementor-widget elementor-widget-heading\" data-id=\"060110b\" data-element_type=\"widget\" data-e-type=\"widget\" data-widget_type=\"heading.default\">\n\t\t\t\t<div class=\"elementor-widget-container\">\n\t\t\t\t\t<h1 class=\"elementor-heading-title elementor-size-default\">Kontakt<\/h1>\t\t\t\t<\/div>\n\t\t\t\t<\/div>\n\t\t\t\t\t<\/div>\n\t\t<\/div>\n\t\t\t\t\t<\/div>\n\t\t<\/section>\n\t\t\t\t<section class=\"elementor-section elementor-top-section elementor-element elementor-element-75044ca elementor-reverse-tablet elementor-reverse-mobile content-width elementor-section-boxed elementor-section-height-default elementor-section-height-default\" data-id=\"75044ca\" data-element_type=\"section\" data-e-type=\"section\">\n\t\t\t\t\t\t<div class=\"elementor-container elementor-column-gap-wider\">\n\t\t\t\t\t<div class=\"elementor-column elementor-col-100 elementor-top-column elementor-element elementor-element-49c3b23\" data-id=\"49c3b23\" data-element_type=\"column\" data-e-type=\"column\">\n\t\t\t<div class=\"elementor-widget-wrap elementor-element-populated\">\n\t\t\t\t\t\t<div class=\"elementor-element elementor-element-22aef63 elementor-widget elementor-widget-text-editor\" data-id=\"22aef63\" data-element_type=\"widget\" data-e-type=\"widget\" data-widget_type=\"text-editor.default\">\n\t\t\t\t<div class=\"elementor-widget-container\">\n\t\t\t\t\t\t\t\t\t<p>M\u00e1te n\u011bjak\u00e9 dotazy, z\u00e1jem o podrobn\u011bj\u0161\u00ed informace, \u010di konkr\u00e9tn\u00edm t\u00e9matu nebo byste cht\u011bli konkr\u00e9tn\u00ed nab\u00eddku? Jsme v\u00e1m k dispozici kdykoli!<\/p>\t\t\t\t\t\t\t\t<\/div>\n\t\t\t\t<\/div>\n\t\t\t\t<div class=\"elementor-element elementor-element-4061e05 elementor-widget elementor-widget-text-editor\" data-id=\"4061e05\" data-element_type=\"widget\" data-e-type=\"widget\" data-widget_type=\"text-editor.default\">\n\t\t\t\t<div class=\"elementor-widget-container\">\n\t\t\t\t\t\t\t\t\t<h2><strong><span style=\"font-size: 18px;\">G\u00d6TZ &#8211; slu\u017eby s.r.o.<\/span><\/strong><\/h2><p>Borsk\u00e1 1232\/40a<br \/>301 00 Plze\u0148<\/p><p>T +420 774 466 280<br \/><a href=\"mailto:info@goetz-fm.cz\">info@goetz-fm.cz<\/a><\/p>\t\t\t\t\t\t\t\t<\/div>\n\t\t\t\t<\/div>\n\t\t\t\t\t<\/div>\n\t\t<\/div>\n\t\t\t\t\t<\/div>\n\t\t<\/section>\n\t\t\t\t<\/div>\n\t\t","protected":false},"excerpt":{"rendered":"<p>Kontakt M\u00e1te n\u011bjak\u00e9 dotazy, z\u00e1jem o podrobn\u011bj\u0161\u00ed informace, \u010di konkr\u00e9tn\u00edm t\u00e9matu nebo byste cht\u011bli konkr\u00e9tn\u00ed nab\u00eddku? Jsme v\u00e1m k dispozici kdykoli! G\u00d6TZ &#8211; slu\u017eby s.r.o. Borsk\u00e1 1232\/40a301 00 Plze\u0148 T +420 774 466 280info@goetz-fm.cz<\/p>\n","protected":false},"author":1,"featured_media":0,"parent":0,"menu_order":0,"comment_status":"closed","ping_status":"closed","template":"","meta":{"_acf_changed":false,"footnotes":""},"class_list":["post-7276","page","type-page","status-publish","hentry"],"acf":[],"yoast_head":"<!-- This site is optimized with the Yoast SEO plugin v27.2 - https:\/\/yoast.com\/product\/yoast-seo-wordpress\/ -->\n<title>Kontakt - G\u00f6tz-Gruppe<\/title>\n<meta name=\"description\" content=\"G\u00f6tz-Management-Holding AG, Hauptverwaltung Regensburg, Hofer Stra\u00dfe 10, 93057 Regensburg, T +49 941 6404-0\" \/>\n<meta name=\"robots\" content=\"index, follow, max-snippet:-1, max-image-preview:large, max-video-preview:-1\" \/>\n<link rel=\"canonical\" href=\"https:\/\/goetz-fm.com\/cs\/kontakt-2\/\" \/>\n<meta property=\"og:locale\" content=\"cs_CZ\" \/>\n<meta property=\"og:type\" content=\"article\" \/>\n<meta property=\"og:title\" content=\"Kontakt - G\u00f6tz-Gruppe\" \/>\n<meta property=\"og:description\" content=\"G\u00f6tz-Management-Holding AG, Hauptverwaltung Regensburg, Hofer Stra\u00dfe 10, 93057 Regensburg, T +49 941 6404-0\" \/>\n<meta property=\"og:url\" content=\"https:\/\/goetz-fm.com\/cs\/kontakt-2\/\" \/>\n<meta property=\"og:site_name\" content=\"G\u00f6tz-Gruppe\" \/>\n<meta property=\"article:modified_time\" content=\"2025-11-19T08:26:56+00:00\" \/>\n<meta name=\"twitter:card\" content=\"summary_large_image\" \/>\n<meta name=\"twitter:label1\" content=\"Odhadovan\u00e1 doba \u010dten\u00ed\" \/>\n\t<meta name=\"twitter:data1\" content=\"1 minuta\" \/>\n<script type=\"application\/ld+json\" class=\"yoast-schema-graph\">{\"@context\":\"https:\/\/schema.org\",\"@graph\":[{\"@type\":\"WebPage\",\"@id\":\"https:\/\/goetz-fm.com\/cs\/kontakt-2\/\",\"url\":\"https:\/\/goetz-fm.com\/cs\/kontakt-2\/\",\"name\":\"Kontakt - G\u00f6tz-Gruppe\",\"isPartOf\":{\"@id\":\"https:\/\/goetz-fm.com\/cs\/#website\"},\"datePublished\":\"2023-12-14T16:38:34+00:00\",\"dateModified\":\"2025-11-19T08:26:56+00:00\",\"description\":\"G\u00f6tz-Management-Holding AG, Hauptverwaltung Regensburg, Hofer Stra\u00dfe 10, 93057 Regensburg, T +49 941 6404-0\",\"breadcrumb\":{\"@id\":\"https:\/\/goetz-fm.com\/cs\/kontakt-2\/#breadcrumb\"},\"inLanguage\":\"cs\",\"potentialAction\":[{\"@type\":\"ReadAction\",\"target\":[\"https:\/\/goetz-fm.com\/cs\/kontakt-2\/\"]}]},{\"@type\":\"BreadcrumbList\",\"@id\":\"https:\/\/goetz-fm.com\/cs\/kontakt-2\/#breadcrumb\",\"itemListElement\":[{\"@type\":\"ListItem\",\"position\":1,\"name\":\"Home\",\"item\":\"https:\/\/goetz-fm.com\/cs\/home\/\"},{\"@type\":\"ListItem\",\"position\":2,\"name\":\"Kontakt\"}]},{\"@type\":\"WebSite\",\"@id\":\"https:\/\/goetz-fm.com\/cs\/#website\",\"url\":\"https:\/\/goetz-fm.com\/cs\/\",\"name\":\"G\u00f6tz-Gruppe\",\"description\":\"Quality Services\",\"publisher\":{\"@id\":\"https:\/\/goetz-fm.com\/cs\/#organization\"},\"potentialAction\":[{\"@type\":\"SearchAction\",\"target\":{\"@type\":\"EntryPoint\",\"urlTemplate\":\"https:\/\/goetz-fm.com\/cs\/?s={search_term_string}\"},\"query-input\":{\"@type\":\"PropertyValueSpecification\",\"valueRequired\":true,\"valueName\":\"search_term_string\"}}],\"inLanguage\":\"cs\"},{\"@type\":\"Organization\",\"@id\":\"https:\/\/goetz-fm.com\/cs\/#organization\",\"name\":\"G\u00f6tz-Management-Holding AG\",\"url\":\"https:\/\/goetz-fm.com\/cs\/\",\"logo\":{\"@type\":\"ImageObject\",\"inLanguage\":\"cs\",\"@id\":\"https:\/\/goetz-fm.com\/cs\/#\/schema\/logo\/image\/\",\"url\":\"https:\/\/goetz-fm.com\/wp-content\/uploads\/goetz_logo.svg\",\"contentUrl\":\"https:\/\/goetz-fm.com\/wp-content\/uploads\/goetz_logo.svg\",\"width\":1098,\"height\":436,\"caption\":\"G\u00f6tz-Management-Holding AG\"},\"image\":{\"@id\":\"https:\/\/goetz-fm.com\/cs\/#\/schema\/logo\/image\/\"}}]}<\/script>\n<!-- \/ Yoast SEO plugin. -->","yoast_head_json":{"title":"Kontakt - G\u00f6tz-Gruppe","description":"G\u00f6tz-Management-Holding AG, Hauptverwaltung Regensburg, Hofer Stra\u00dfe 10, 93057 Regensburg, T +49 941 6404-0","robots":{"index":"index","follow":"follow","max-snippet":"max-snippet:-1","max-image-preview":"max-image-preview:large","max-video-preview":"max-video-preview:-1"},"canonical":"https:\/\/goetz-fm.com\/cs\/kontakt-2\/","og_locale":"cs_CZ","og_type":"article","og_title":"Kontakt - G\u00f6tz-Gruppe","og_description":"G\u00f6tz-Management-Holding AG, Hauptverwaltung Regensburg, Hofer Stra\u00dfe 10, 93057 Regensburg, T +49 941 6404-0","og_url":"https:\/\/goetz-fm.com\/cs\/kontakt-2\/","og_site_name":"G\u00f6tz-Gruppe","article_modified_time":"2025-11-19T08:26:56+00:00","twitter_card":"summary_large_image","twitter_misc":{"Odhadovan\u00e1 doba \u010dten\u00ed":"1 minuta"},"schema":{"@context":"https:\/\/schema.org","@graph":[{"@type":"WebPage","@id":"https:\/\/goetz-fm.com\/cs\/kontakt-2\/","url":"https:\/\/goetz-fm.com\/cs\/kontakt-2\/","name":"Kontakt - G\u00f6tz-Gruppe","isPartOf":{"@id":"https:\/\/goetz-fm.com\/cs\/#website"},"datePublished":"2023-12-14T16:38:34+00:00","dateModified":"2025-11-19T08:26:56+00:00","description":"G\u00f6tz-Management-Holding AG, Hauptverwaltung Regensburg, Hofer Stra\u00dfe 10, 93057 Regensburg, T +49 941 6404-0","breadcrumb":{"@id":"https:\/\/goetz-fm.com\/cs\/kontakt-2\/#breadcrumb"},"inLanguage":"cs","potentialAction":[{"@type":"ReadAction","target":["https:\/\/goetz-fm.com\/cs\/kontakt-2\/"]}]},{"@type":"BreadcrumbList","@id":"https:\/\/goetz-fm.com\/cs\/kontakt-2\/#breadcrumb","itemListElement":[{"@type":"ListItem","position":1,"name":"Home","item":"https:\/\/goetz-fm.com\/cs\/home\/"},{"@type":"ListItem","position":2,"name":"Kontakt"}]},{"@type":"WebSite","@id":"https:\/\/goetz-fm.com\/cs\/#website","url":"https:\/\/goetz-fm.com\/cs\/","name":"G\u00f6tz-Gruppe","description":"Quality Services","publisher":{"@id":"https:\/\/goetz-fm.com\/cs\/#organization"},"potentialAction":[{"@type":"SearchAction","target":{"@type":"EntryPoint","urlTemplate":"https:\/\/goetz-fm.com\/cs\/?s={search_term_string}"},"query-input":{"@type":"PropertyValueSpecification","valueRequired":true,"valueName":"search_term_string"}}],"inLanguage":"cs"},{"@type":"Organization","@id":"https:\/\/goetz-fm.com\/cs\/#organization","name":"G\u00f6tz-Management-Holding AG","url":"https:\/\/goetz-fm.com\/cs\/","logo":{"@type":"ImageObject","inLanguage":"cs","@id":"https:\/\/goetz-fm.com\/cs\/#\/schema\/logo\/image\/","url":"https:\/\/goetz-fm.com\/wp-content\/uploads\/goetz_logo.svg","contentUrl":"https:\/\/goetz-fm.com\/wp-content\/uploads\/goetz_logo.svg","width":1098,"height":436,"caption":"G\u00f6tz-Management-Holding AG"},"image":{"@id":"https:\/\/goetz-fm.com\/cs\/#\/schema\/logo\/image\/"}}]}},"_links":{"self":[{"href":"https:\/\/goetz-fm.com\/cs\/wp-json\/wp\/v2\/pages\/7276","targetHints":{"allow":["GET"]}}],"collection":[{"href":"https:\/\/goetz-fm.com\/cs\/wp-json\/wp\/v2\/pages"}],"about":[{"href":"https:\/\/goetz-fm.com\/cs\/wp-json\/wp\/v2\/types\/page"}],"author":[{"embeddable":true,"href":"https:\/\/goetz-fm.com\/cs\/wp-json\/wp\/v2\/users\/1"}],"replies":[{"embeddable":true,"href":"https:\/\/goetz-fm.com\/cs\/wp-json\/wp\/v2\/comments?post=7276"}],"version-history":[{"count":4,"href":"https:\/\/goetz-fm.com\/cs\/wp-json\/wp\/v2\/pages\/7276\/revisions"}],"predecessor-version":[{"id":12338,"href":"https:\/\/goetz-fm.com\/cs\/wp-json\/wp\/v2\/pages\/7276\/revisions\/12338"}],"wp:attachment":[{"href":"https:\/\/goetz-fm.com\/cs\/wp-json\/wp\/v2\/media?parent=7276"}],"curies":[{"name":"wp","href":"https:\/\/api.w.org\/{rel}","templated":true}]}}