{"id":13514,"date":"2026-01-27T10:48:11","date_gmt":"2026-01-27T09:48:11","guid":{"rendered":"https:\/\/goetz-fm.com\/?page_id=13514"},"modified":"2026-02-19T09:06:06","modified_gmt":"2026-02-19T08:06:06","slug":"impresszum","status":"publish","type":"page","link":"https:\/\/goetz-fm.com\/hu\/impresszum\/","title":{"rendered":"Impresszum"},"content":{"rendered":"\t\t<div data-elementor-type=\"wp-page\" data-elementor-id=\"13514\" class=\"elementor elementor-13514\" data-elementor-post-type=\"page\">\n\t\t\t\t\t\t<section class=\"elementor-section elementor-top-section elementor-element elementor-element-d347329 elementor-section-height-min-height elementor-section-items-bottom elementor-section-boxed elementor-section-height-default\" data-id=\"d347329\" data-element_type=\"section\" data-e-type=\"section\" data-settings=\"{&quot;background_background&quot;:&quot;classic&quot;}\">\n\t\t\t\t\t\t<div class=\"elementor-container elementor-column-gap-default\">\n\t\t\t\t\t<div class=\"elementor-column elementor-col-100 elementor-top-column elementor-element elementor-element-e9d9cea\" data-id=\"e9d9cea\" data-element_type=\"column\" data-e-type=\"column\">\n\t\t\t<div class=\"elementor-widget-wrap\">\n\t\t\t\t\t\t\t<\/div>\n\t\t<\/div>\n\t\t\t\t\t<\/div>\n\t\t<\/section>\n\t\t\t\t<section class=\"elementor-section elementor-top-section elementor-element elementor-element-c46f58d elementor-section-boxed elementor-section-height-default elementor-section-height-default\" data-id=\"c46f58d\" data-element_type=\"section\" data-e-type=\"section\">\n\t\t\t\t\t\t<div class=\"elementor-container elementor-column-gap-wider\">\n\t\t\t\t\t<div class=\"elementor-column elementor-col-100 elementor-top-column elementor-element elementor-element-35012d6\" data-id=\"35012d6\" data-element_type=\"column\" data-e-type=\"column\">\n\t\t\t<div class=\"elementor-widget-wrap elementor-element-populated\">\n\t\t\t\t\t\t<div class=\"elementor-element elementor-element-419cdd6 elementor-widget elementor-widget-breadcrumbs\" data-id=\"419cdd6\" data-element_type=\"widget\" data-e-type=\"widget\" data-widget_type=\"breadcrumbs.default\">\n\t\t\t\t<div class=\"elementor-widget-container\">\n\t\t\t\t\t<p id=\"breadcrumbs\"><span><span><a href=\"https:\/\/goetz-fm.com\/hu\/home\/\">Home<\/a><\/span><\/span><\/p>\t\t\t\t<\/div>\n\t\t\t\t<\/div>\n\t\t\t\t<div class=\"elementor-element elementor-element-af204fb elementor-widget elementor-widget-heading\" data-id=\"af204fb\" data-element_type=\"widget\" data-e-type=\"widget\" data-widget_type=\"heading.default\">\n\t\t\t\t<div class=\"elementor-widget-container\">\n\t\t\t\t\t<h1 class=\"elementor-heading-title elementor-size-default\"> Impresszum<\/h1>\t\t\t\t<\/div>\n\t\t\t\t<\/div>\n\t\t\t\t\t<\/div>\n\t\t<\/div>\n\t\t\t\t\t<\/div>\n\t\t<\/section>\n\t\t\t\t<section class=\"elementor-section elementor-top-section elementor-element elementor-element-b5d486f elementor-reverse-tablet elementor-reverse-mobile content-width elementor-section-boxed elementor-section-height-default elementor-section-height-default\" data-id=\"b5d486f\" data-element_type=\"section\" data-e-type=\"section\">\n\t\t\t\t\t\t<div class=\"elementor-container elementor-column-gap-wider\">\n\t\t\t\t\t<div class=\"elementor-column elementor-col-100 elementor-top-column elementor-element elementor-element-6ee5e17\" data-id=\"6ee5e17\" data-element_type=\"column\" data-e-type=\"column\">\n\t\t\t<div class=\"elementor-widget-wrap elementor-element-populated\">\n\t\t\t\t\t\t<div class=\"elementor-element elementor-element-58c607b elementor-widget__width-initial elementor-widget elementor-widget-text-editor\" data-id=\"58c607b\" data-element_type=\"widget\" data-e-type=\"widget\" data-widget_type=\"text-editor.default\">\n\t\t\t\t<div class=\"elementor-widget-container\">\n\t\t\t\t\t\t\t\t\t<p><strong>G\u00f6tz-Management-Holding AG<\/strong><\/p><p>Regensburgi f\u0151igazgat\u00f3s\u00e1g<br \/>Hofer Stra\u00dfe 10<br \/>93057 Regensburg<br \/>T +49 941 6404-0<br \/>F +49 941 6404-190<br \/>service@goetz-fm.com<\/p><p><strong>Eln\u00f6ks\u00e9g<br \/><\/strong>Alexander G\u00f6tz (Eln\u00f6k)<br \/>Karlheinz B\u00e4uml (helyettes eln\u00f6k)<br \/>Monir Debbagh<\/p><p><strong>Fel\u00fcgyel\u0151bizotts\u00e1g<\/strong><br \/>Theo Zellner (Eln\u00f6k)<br \/>Alois Hagl (helyettes eln\u00f6k)<br \/>Gertraud G\u00f6tz<br \/>Michael Sigler<\/p><p><strong>Jogi forma<br \/><\/strong>R\u00e9szv\u00e9nyt\u00e1rsas\u00e1g<\/p><p><strong>\u00dcl\u00e9shelye<br \/><\/strong>Regensburg \u00e9s Chemnitz<\/p><p><strong>Bejegyz\u0151i hivatal<br \/><\/strong>Regensburg HRB 4390<\/p><p><strong>Teljes\u00edt\u00e9si hely \u00e9s joghat\u00f3s\u00e1g<br \/><\/strong>Regensburg\/Chemnitz<\/p><p><strong>\u00c1fa-azonos\u00edt\u00f3 sz\u00e1m a 27a \u00a7 \u00c1fa-t\u00f6rv\u00e9ny szerint<br \/><\/strong>DE 198663403<\/p><p><strong>Film<br \/><\/strong>OTV, Amberg<\/p><p><strong>F\u00e9nyk\u00e9pek<br \/><\/strong><a href=\"http:\/\/www.johanneslehner.de\"><strong>www.johanneslehner.de<\/strong><\/a><\/p><p><strong>Vitafelold\u00e1s<\/strong><\/p><p>Az Eur\u00f3pai Bizotts\u00e1g online vitarendez\u00e9si platformot (OS) biztos\u00edt: <a href=\"https:\/\/ec.europa.eu\/consumers\/odr\">https:\/\/ec.europa.eu\/consumers\/odr<\/a>. Adatlapunkban megtal\u00e1lja e-mail c\u00edm\u00fcnket. Nem \u00e1ll sz\u00e1nd\u00e9kunkban, vagy nem vagyunk k\u00f6telezve arra, hogy r\u00e9szt vegy\u00fcnk a fogyaszt\u00f3i vit\u00e1k rendez\u00e9s\u00e9vel foglalkoz\u00f3 test\u00fclet el\u0151tt folytatott vitarendez\u00e9si elj\u00e1r\u00e1sban.<\/p><p><strong>A tartalomra vonatkoz\u00f3 felel\u0151ss\u00e9g<\/strong><\/p><p>Szolg\u00e1ltat\u00f3k\u00e9nt a \u00a7 7. cikk (1) bekezd\u00e9se szerint a TMG \u00e1ltal\u00e1nos t\u00f6rv\u00e9nyei szerint felel\u0151sek vagyunk a saj\u00e1t tartalmak\u00e9rt ezen az oldalon. A 8. \u00e9s 10. \u00a7-ok szerint azonban szolg\u00e1ltat\u00f3k\u00e9nt nem vagyunk k\u00f6telesek a tov\u00e1bb\u00edtott vagy t\u00e1rolt idegen inform\u00e1ci\u00f3kat fel\u00fcgyelni, vagy k\u00f6r\u00fclm\u00e9nyek ut\u00e1n kutatni, amelyek jogellenes tev\u00e9kenys\u00e9gre utalnak.<\/p><p>A t\u00e1j\u00e9koztat\u00e1s elt\u00e1vol\u00edt\u00e1s\u00e1ra vagy haszn\u00e1lat\u00e1nak letilt\u00e1s\u00e1ra vonatkoz\u00f3 k\u00f6telezetts\u00e9gek a vonatkoz\u00f3 \u00e1ltal\u00e1nos jogszab\u00e1lyok szerint nem \u00e9rintettek. Ezzel kapcsolatos felel\u0151ss\u00e9g azonban csak att\u00f3l az id\u0151pontt\u00f3l lehets\u00e9ges, amikor tudom\u00e1st szerez\u00fcnk egy konkr\u00e9t jogs\u00e9rt\u00e9sr\u0151l. Ha tudom\u00e1st szerz\u00fcnk ilyen jogs\u00e9rt\u00e9sekr\u0151l, halad\u00e9ktalanul elt\u00e1vol\u00edtjuk ezeket a tartalmakat.<\/p><p><strong>A linkek\u00e9rt val\u00f3 felel\u0151ss\u00e9g<\/strong><\/p><p>Aj\u00e1nlatunk k\u00fcls\u0151 weboldalakra mutat\u00f3 linkeket tartalmaz, amelyek tartalm\u00e1t nem befoly\u00e1solhatjuk. Ez\u00e9rt nem v\u00e1llalunk felel\u0151ss\u00e9get ezen idegen tartalom\u00e9rt. A linkelt oldalak tartalm\u00e1\u00e9rt mindig az adott szolg\u00e1ltat\u00f3 vagy \u00fczemeltet\u0151 felel\u0151s. A linkelt oldalakat a link l\u00e9trehoz\u00e1s\u00e1nak id\u0151pontj\u00e1ban a lehets\u00e9ges jogs\u00e9rt\u00e9sek szempontj\u00e1b\u00f3l ellen\u0151rizt\u00fck. A jogellenes tartalmak a link l\u00e9trehoz\u00e1sakor nem voltak felismerhet\u0151k.<\/p><p>Amennyiben nincs konkr\u00e9t jogs\u00e9rt\u00e9sre utal\u00f3 jelz\u00e9s, a hivatkozott oldalak tartalm\u00e1nak \u00e1lland\u00f3 ellen\u0151rz\u00e9se nem elv\u00e1rhat\u00f3. Jogellenes tev\u00e9kenys\u00e9gek \u00e9szlel\u00e9se eset\u00e9n az ilyen linkeket halad\u00e9ktalanul elt\u00e1vol\u00edtjuk.<\/p><p><strong>Szerz\u0151i jog<\/strong><\/p><p>A weboldal \u00fczemeltet\u0151i \u00e1ltal l\u00e9trehozott tartalmak \u00e9s m\u0171vek a weboldalon a n\u00e9met szerz\u0151i jog hat\u00e1lya al\u00e1 tartoznak. A m\u00e1sol\u00e1s, feldolgoz\u00e1s, terjeszt\u00e9s \u00e9s a szerz\u0151i jog hat\u00e1rain t\u00falmutat\u00f3 b\u00e1rmilyen felhaszn\u00e1l\u00e1s a megfelel\u0151 szerz\u0151 vagy alkot\u00f3 \u00edr\u00e1sbeli hozz\u00e1j\u00e1rul\u00e1s\u00e1t ig\u00e9nyli. A weboldal let\u00f6lt\u00e9se \u00e9s m\u00e1sol\u00e1sa csak szem\u00e9lyes, nem kereskedelmi c\u00e9lra enged\u00e9lyezett.<\/p><p>Ha a tartalom ezen az oldalon nem a fenntart\u00f3 \u00e1ltal lett l\u00e9trehozva, akkor a harmadik f\u00e9l szerz\u0151i jogait tiszteletben tartjuk. A harmadik f\u00e9l tartalma k\u00fcl\u00f6n\u00f6sen \u00fagy van megjel\u00f6lve, mint olyan. Ha ennek ellen\u00e9re szerz\u0151i jogs\u00e9rt\u00e9sre h\u00edvja fel a figyelm\u00fcnket, k\u00e9rj\u00fck, tegye meg a megfelel\u0151 bejelent\u00e9st.Jogellenes cselekm\u00e9nyek bejelent\u00e9sekor az ilyen tartalmakat azonnal elt\u00e1vol\u00edtjuk.<\/p><p><strong>Tan\u00e1csad\u00e1s, koncepci\u00f3, design \u00e9s kivitelez\u00e9s<\/strong><\/p><p>seitenwind \u2013 kommunik\u00e1ci\u00f3 \u00e9s design<br \/>Blumenstra\u00dfe 18<br \/>93055 Regensburg<br \/>T 49 941 646456-0<br \/>info@seitenwind.com<br \/>www.seitenwind.com<\/p>\t\t\t\t\t\t\t\t<\/div>\n\t\t\t\t<\/div>\n\t\t\t\t\t<\/div>\n\t\t<\/div>\n\t\t\t\t\t<\/div>\n\t\t<\/section>\n\t\t\t\t<\/div>\n\t\t","protected":false},"excerpt":{"rendered":"<p>Impresszum G\u00f6tz-Management-Holding AG Regensburgi f\u0151igazgat\u00f3s\u00e1gHofer Stra\u00dfe 1093057 RegensburgT +49 941 6404-0F +49 941 6404-190service@goetz-fm.com Eln\u00f6ks\u00e9gAlexander G\u00f6tz (Eln\u00f6k)Karlheinz B\u00e4uml (helyettes eln\u00f6k)Monir Debbagh Fel\u00fcgyel\u0151bizotts\u00e1gTheo Zellner (Eln\u00f6k)Alois Hagl (helyettes eln\u00f6k)Gertraud G\u00f6tzMichael Sigler Jogi formaR\u00e9szv\u00e9nyt\u00e1rsas\u00e1g \u00dcl\u00e9shelyeRegensburg \u00e9s Chemnitz Bejegyz\u0151i hivatalRegensburg HRB 4390 Teljes\u00edt\u00e9si hely \u00e9s joghat\u00f3s\u00e1gRegensburg\/Chemnitz \u00c1fa-azonos\u00edt\u00f3 sz\u00e1m a 27a \u00a7 \u00c1fa-t\u00f6rv\u00e9ny szerintDE 198663403 FilmOTV, Amberg F\u00e9nyk\u00e9pekwww.johanneslehner.de Vitafelold\u00e1s Az [&hellip;]<\/p>\n","protected":false},"author":8,"featured_media":0,"parent":0,"menu_order":0,"comment_status":"closed","ping_status":"closed","template":"","meta":{"_acf_changed":false,"footnotes":""},"class_list":["post-13514","page","type-page","status-publish","hentry"],"acf":[],"yoast_head":"<!-- This site is optimized with the Yoast SEO plugin v27.2 - https:\/\/yoast.com\/product\/yoast-seo-wordpress\/ -->\n<title>Impresszum - G\u00f6tz-Gruppe<\/title>\n<meta name=\"description\" content=\"Wie wir ihre Daten sch\u00fctzen, mit pers\u00f6nlichen Informationen umgehen und den Kontakt zu unserem Datenschutzbeauftragten finden Sie hier.\" \/>\n<meta name=\"robots\" content=\"index, follow, max-snippet:-1, max-image-preview:large, max-video-preview:-1\" \/>\n<link rel=\"canonical\" href=\"https:\/\/goetz-fm.com\/hu\/impresszum\/\" \/>\n<meta property=\"og:locale\" content=\"hu_HU\" \/>\n<meta property=\"og:type\" content=\"article\" \/>\n<meta property=\"og:title\" content=\"Impresszum - G\u00f6tz-Gruppe\" \/>\n<meta property=\"og:description\" content=\"Wie wir ihre Daten sch\u00fctzen, mit pers\u00f6nlichen Informationen umgehen und den Kontakt zu unserem Datenschutzbeauftragten finden Sie hier.\" \/>\n<meta property=\"og:url\" content=\"https:\/\/goetz-fm.com\/hu\/impresszum\/\" \/>\n<meta property=\"og:site_name\" content=\"G\u00f6tz-Gruppe\" \/>\n<meta property=\"article:modified_time\" content=\"2026-02-19T08:06:06+00:00\" \/>\n<meta name=\"twitter:card\" content=\"summary_large_image\" \/>\n<meta name=\"twitter:label1\" content=\"Becs\u00fclt olvas\u00e1si id\u0151\" \/>\n\t<meta name=\"twitter:data1\" content=\"3 perc\" \/>\n<script type=\"application\/ld+json\" class=\"yoast-schema-graph\">{\"@context\":\"https:\/\/schema.org\",\"@graph\":[{\"@type\":\"WebPage\",\"@id\":\"https:\/\/goetz-fm.com\/hu\/impresszum\/\",\"url\":\"https:\/\/goetz-fm.com\/hu\/impresszum\/\",\"name\":\"Impresszum - G\u00f6tz-Gruppe\",\"isPartOf\":{\"@id\":\"https:\/\/goetz-fm.com\/hu\/#website\"},\"datePublished\":\"2026-01-27T09:48:11+00:00\",\"dateModified\":\"2026-02-19T08:06:06+00:00\",\"description\":\"Wie wir ihre Daten sch\u00fctzen, mit pers\u00f6nlichen Informationen umgehen und den Kontakt zu unserem Datenschutzbeauftragten finden Sie hier.\",\"breadcrumb\":{\"@id\":\"https:\/\/goetz-fm.com\/hu\/impresszum\/#breadcrumb\"},\"inLanguage\":\"hu\",\"potentialAction\":[{\"@type\":\"ReadAction\",\"target\":[\"https:\/\/goetz-fm.com\/hu\/impresszum\/\"]}]},{\"@type\":\"BreadcrumbList\",\"@id\":\"https:\/\/goetz-fm.com\/hu\/impresszum\/#breadcrumb\",\"itemListElement\":[{\"@type\":\"ListItem\",\"position\":1,\"name\":\"Home\",\"item\":\"https:\/\/goetz-fm.com\/hu\/home\/\"},{\"@type\":\"ListItem\",\"position\":2,\"name\":\"Impresszum\"}]},{\"@type\":\"WebSite\",\"@id\":\"https:\/\/goetz-fm.com\/hu\/#website\",\"url\":\"https:\/\/goetz-fm.com\/hu\/\",\"name\":\"G\u00f6tz-Gruppe\",\"description\":\"Quality Services\",\"publisher\":{\"@id\":\"https:\/\/goetz-fm.com\/hu\/#organization\"},\"potentialAction\":[{\"@type\":\"SearchAction\",\"target\":{\"@type\":\"EntryPoint\",\"urlTemplate\":\"https:\/\/goetz-fm.com\/hu\/?s={search_term_string}\"},\"query-input\":{\"@type\":\"PropertyValueSpecification\",\"valueRequired\":true,\"valueName\":\"search_term_string\"}}],\"inLanguage\":\"hu\"},{\"@type\":\"Organization\",\"@id\":\"https:\/\/goetz-fm.com\/hu\/#organization\",\"name\":\"G\u00f6tz-Management-Holding AG\",\"url\":\"https:\/\/goetz-fm.com\/hu\/\",\"logo\":{\"@type\":\"ImageObject\",\"inLanguage\":\"hu\",\"@id\":\"https:\/\/goetz-fm.com\/hu\/#\/schema\/logo\/image\/\",\"url\":\"https:\/\/goetz-fm.com\/wp-content\/uploads\/goetz_logo.svg\",\"contentUrl\":\"https:\/\/goetz-fm.com\/wp-content\/uploads\/goetz_logo.svg\",\"width\":1098,\"height\":436,\"caption\":\"G\u00f6tz-Management-Holding AG\"},\"image\":{\"@id\":\"https:\/\/goetz-fm.com\/hu\/#\/schema\/logo\/image\/\"}}]}<\/script>\n<!-- \/ Yoast SEO plugin. -->","yoast_head_json":{"title":"Impresszum - G\u00f6tz-Gruppe","description":"Wie wir ihre Daten sch\u00fctzen, mit pers\u00f6nlichen Informationen umgehen und den Kontakt zu unserem Datenschutzbeauftragten finden Sie hier.","robots":{"index":"index","follow":"follow","max-snippet":"max-snippet:-1","max-image-preview":"max-image-preview:large","max-video-preview":"max-video-preview:-1"},"canonical":"https:\/\/goetz-fm.com\/hu\/impresszum\/","og_locale":"hu_HU","og_type":"article","og_title":"Impresszum - G\u00f6tz-Gruppe","og_description":"Wie wir ihre Daten sch\u00fctzen, mit pers\u00f6nlichen Informationen umgehen und den Kontakt zu unserem Datenschutzbeauftragten finden Sie hier.","og_url":"https:\/\/goetz-fm.com\/hu\/impresszum\/","og_site_name":"G\u00f6tz-Gruppe","article_modified_time":"2026-02-19T08:06:06+00:00","twitter_card":"summary_large_image","twitter_misc":{"Becs\u00fclt olvas\u00e1si id\u0151":"3 perc"},"schema":{"@context":"https:\/\/schema.org","@graph":[{"@type":"WebPage","@id":"https:\/\/goetz-fm.com\/hu\/impresszum\/","url":"https:\/\/goetz-fm.com\/hu\/impresszum\/","name":"Impresszum - G\u00f6tz-Gruppe","isPartOf":{"@id":"https:\/\/goetz-fm.com\/hu\/#website"},"datePublished":"2026-01-27T09:48:11+00:00","dateModified":"2026-02-19T08:06:06+00:00","description":"Wie wir ihre Daten sch\u00fctzen, mit pers\u00f6nlichen Informationen umgehen und den Kontakt zu unserem Datenschutzbeauftragten finden Sie hier.","breadcrumb":{"@id":"https:\/\/goetz-fm.com\/hu\/impresszum\/#breadcrumb"},"inLanguage":"hu","potentialAction":[{"@type":"ReadAction","target":["https:\/\/goetz-fm.com\/hu\/impresszum\/"]}]},{"@type":"BreadcrumbList","@id":"https:\/\/goetz-fm.com\/hu\/impresszum\/#breadcrumb","itemListElement":[{"@type":"ListItem","position":1,"name":"Home","item":"https:\/\/goetz-fm.com\/hu\/home\/"},{"@type":"ListItem","position":2,"name":"Impresszum"}]},{"@type":"WebSite","@id":"https:\/\/goetz-fm.com\/hu\/#website","url":"https:\/\/goetz-fm.com\/hu\/","name":"G\u00f6tz-Gruppe","description":"Quality Services","publisher":{"@id":"https:\/\/goetz-fm.com\/hu\/#organization"},"potentialAction":[{"@type":"SearchAction","target":{"@type":"EntryPoint","urlTemplate":"https:\/\/goetz-fm.com\/hu\/?s={search_term_string}"},"query-input":{"@type":"PropertyValueSpecification","valueRequired":true,"valueName":"search_term_string"}}],"inLanguage":"hu"},{"@type":"Organization","@id":"https:\/\/goetz-fm.com\/hu\/#organization","name":"G\u00f6tz-Management-Holding AG","url":"https:\/\/goetz-fm.com\/hu\/","logo":{"@type":"ImageObject","inLanguage":"hu","@id":"https:\/\/goetz-fm.com\/hu\/#\/schema\/logo\/image\/","url":"https:\/\/goetz-fm.com\/wp-content\/uploads\/goetz_logo.svg","contentUrl":"https:\/\/goetz-fm.com\/wp-content\/uploads\/goetz_logo.svg","width":1098,"height":436,"caption":"G\u00f6tz-Management-Holding AG"},"image":{"@id":"https:\/\/goetz-fm.com\/hu\/#\/schema\/logo\/image\/"}}]}},"_links":{"self":[{"href":"https:\/\/goetz-fm.com\/hu\/wp-json\/wp\/v2\/pages\/13514","targetHints":{"allow":["GET"]}}],"collection":[{"href":"https:\/\/goetz-fm.com\/hu\/wp-json\/wp\/v2\/pages"}],"about":[{"href":"https:\/\/goetz-fm.com\/hu\/wp-json\/wp\/v2\/types\/page"}],"author":[{"embeddable":true,"href":"https:\/\/goetz-fm.com\/hu\/wp-json\/wp\/v2\/users\/8"}],"replies":[{"embeddable":true,"href":"https:\/\/goetz-fm.com\/hu\/wp-json\/wp\/v2\/comments?post=13514"}],"version-history":[{"count":9,"href":"https:\/\/goetz-fm.com\/hu\/wp-json\/wp\/v2\/pages\/13514\/revisions"}],"predecessor-version":[{"id":13990,"href":"https:\/\/goetz-fm.com\/hu\/wp-json\/wp\/v2\/pages\/13514\/revisions\/13990"}],"wp:attachment":[{"href":"https:\/\/goetz-fm.com\/hu\/wp-json\/wp\/v2\/media?parent=13514"}],"curies":[{"name":"wp","href":"https:\/\/api.w.org\/{rel}","templated":true}]}}