{"id":13980,"date":"2026-02-19T08:54:49","date_gmt":"2026-02-19T07:54:49","guid":{"rendered":"https:\/\/goetz-fm.com\/?page_id=13980"},"modified":"2026-02-19T09:07:58","modified_gmt":"2026-02-19T08:07:58","slug":"akadalymentessegi-nyilatkozat","status":"publish","type":"page","link":"https:\/\/goetz-fm.com\/hu\/akadalymentessegi-nyilatkozat\/","title":{"rendered":"Akad\u00e1lymentess\u00e9gi nyilatkozat"},"content":{"rendered":"\t\t<div data-elementor-type=\"wp-page\" data-elementor-id=\"13980\" class=\"elementor elementor-13980\" data-elementor-post-type=\"page\">\n\t\t\t\t\t\t<section class=\"elementor-section elementor-top-section elementor-element elementor-element-d347329 elementor-section-height-min-height elementor-section-items-bottom elementor-section-boxed elementor-section-height-default\" data-id=\"d347329\" data-element_type=\"section\" data-e-type=\"section\" data-settings=\"{&quot;background_background&quot;:&quot;classic&quot;}\">\n\t\t\t\t\t\t<div class=\"elementor-container elementor-column-gap-default\">\n\t\t\t\t\t<div class=\"elementor-column elementor-col-100 elementor-top-column elementor-element elementor-element-e9d9cea\" data-id=\"e9d9cea\" data-element_type=\"column\" data-e-type=\"column\">\n\t\t\t<div class=\"elementor-widget-wrap\">\n\t\t\t\t\t\t\t<\/div>\n\t\t<\/div>\n\t\t\t\t\t<\/div>\n\t\t<\/section>\n\t\t\t\t<section class=\"elementor-section elementor-top-section elementor-element elementor-element-c46f58d elementor-section-boxed elementor-section-height-default elementor-section-height-default\" data-id=\"c46f58d\" data-element_type=\"section\" data-e-type=\"section\">\n\t\t\t\t\t\t<div class=\"elementor-container elementor-column-gap-wider\">\n\t\t\t\t\t<div class=\"elementor-column elementor-col-100 elementor-top-column elementor-element elementor-element-35012d6\" data-id=\"35012d6\" data-element_type=\"column\" data-e-type=\"column\">\n\t\t\t<div class=\"elementor-widget-wrap elementor-element-populated\">\n\t\t\t\t\t\t<div class=\"elementor-element elementor-element-419cdd6 elementor-widget elementor-widget-breadcrumbs\" data-id=\"419cdd6\" data-element_type=\"widget\" data-e-type=\"widget\" data-widget_type=\"breadcrumbs.default\">\n\t\t\t\t<div class=\"elementor-widget-container\">\n\t\t\t\t\t<p id=\"breadcrumbs\"><span><span><a href=\"https:\/\/goetz-fm.com\/hu\/home\/\">Home<\/a><\/span><\/span><\/p>\t\t\t\t<\/div>\n\t\t\t\t<\/div>\n\t\t\t\t<div class=\"elementor-element elementor-element-af204fb elementor-widget elementor-widget-heading\" data-id=\"af204fb\" data-element_type=\"widget\" data-e-type=\"widget\" data-widget_type=\"heading.default\">\n\t\t\t\t<div class=\"elementor-widget-container\">\n\t\t\t\t\t<h1 class=\"elementor-heading-title elementor-size-default\">Akad\u00e1lymentess\u00e9gi nyilatkozat<\/h1>\t\t\t\t<\/div>\n\t\t\t\t<\/div>\n\t\t\t\t\t<\/div>\n\t\t<\/div>\n\t\t\t\t\t<\/div>\n\t\t<\/section>\n\t\t\t\t<section class=\"elementor-section elementor-top-section elementor-element elementor-element-b5d486f elementor-reverse-tablet elementor-reverse-mobile content-width elementor-section-boxed elementor-section-height-default elementor-section-height-default\" data-id=\"b5d486f\" data-element_type=\"section\" data-e-type=\"section\">\n\t\t\t\t\t\t<div class=\"elementor-container elementor-column-gap-wider\">\n\t\t\t\t\t<div class=\"elementor-column elementor-col-100 elementor-top-column elementor-element elementor-element-6ee5e17\" data-id=\"6ee5e17\" data-element_type=\"column\" data-e-type=\"column\">\n\t\t\t<div class=\"elementor-widget-wrap elementor-element-populated\">\n\t\t\t\t\t\t<div class=\"elementor-element elementor-element-58c607b elementor-widget elementor-widget-text-editor\" data-id=\"58c607b\" data-element_type=\"widget\" data-e-type=\"widget\" data-widget_type=\"text-editor.default\">\n\t\t\t\t<div class=\"elementor-widget-container\">\n\t\t\t\t\t\t\t\t\t<p><strong>Akad\u00e1lymentess\u00e9gi nyilatkozat<\/strong><\/p><p>A G\u00f6tz Management-Holding AG arra t\u00f6rekszik, hogy a <a href=\"https:\/\/goetz-fm.com\/\">https:\/\/goetz-fm.com\/<\/a> weboldal\u00e1t a Barrierefreiheitsst\u00e4rkungsgesetz (BFSG) \u2013 Akad\u00e1lymentes\u00edt\u00e9s meger\u0151s\u00edt\u00e9s\u00e9r\u0151l sz\u00f3l\u00f3 t\u00f6rv\u00e9ny \u2013 rendelkez\u00e9seivel \u00f6sszhangban akad\u00e1lymentesen hozz\u00e1f\u00e9rhet\u0151v\u00e9 tegye. Ez az akad\u00e1lymentess\u00e9gi nyilatkozat a <a href=\"https:\/\/goetz-fm.com\/\">https:\/\/goetz-fm.com\/<\/a> weboldalra vonatkozik.<\/p><p><strong>G\u00f6tz Management-Holding AG<\/strong><br \/>K\u00f6zponti iroda: Regensburg<br \/>Hofer Stra\u00dfe 10<br \/>93057 Regensburg<br \/>Tel.: +49 941 6404-0<br \/>Fax: +49 941 6404-190<br \/>E-mail: service@goetz-fm.com<\/p><p><strong>Az el\u00e9rhet\u0151 szolg\u00e1ltat\u00e1sok \u00e1ltal\u00e1nos bemutat\u00e1sa:<\/strong><br \/>A weboldal c\u00e9lja, hogy \u00e1ttekint\u00e9st ny\u00fajtson a G\u00f6tz-csoport tev\u00e9kenys\u00e9geir\u0151l \u00e9s szolg\u00e1ltat\u00e1sair\u00f3l.<\/p><p>A bemutatott szolg\u00e1ltat\u00e1sok k\u00f6z\u00e9 tartoznak a k\u00f6vetkez\u0151k: takar\u00edt\u00e1s \u00e9s higi\u00e9nia, ipari szolg\u00e1ltat\u00e1sok, ny\u00e1ri \u00e9s t\u00e9li szolg\u00e1lat, biztons\u00e1gi szolg\u00e1ltat\u00e1sok, p\u00e9nz- \u00e9s \u00e9rt\u00e9ksz\u00e1ll\u00edt\u00e1s, vas\u00fati szolg\u00e1ltat\u00e1sok, logisztikai szolg\u00e1ltat\u00e1sok, catering, k\u00e9zm\u0171ipari \u00e9s \u00e9p\u00edt\u00e9si szolg\u00e1ltat\u00e1sok, k\u00f6lt\u00f6ztet\u00e9s, gondnoki szolg\u00e1ltat\u00e1sok, ingatlan\u00fczemeltet\u00e9s \u00e9s -karbantart\u00e1s, m\u0171szaki \u00fczemvezet\u00e9s \u00e9s karbantart\u00e1s, sz\u00e1llodai szolg\u00e1ltat\u00e1sok \u00e9s munkaer\u0151-k\u00f6zvet\u00edt\u00e9s.<\/p><p>A weboldal l\u00e1togat\u00f3i ezek keret\u00e9ben r\u00e9szletes inform\u00e1ci\u00f3t kaphatnak a k\u00edn\u00e1lt szolg\u00e1ltat\u00e1sok t\u00edpus\u00e1r\u00f3l, terjedelm\u00e9r\u0151l \u00e9s felt\u00e9teleir\u0151l.<\/p><p>A v\u00e1llalat fenntarthat\u00f3s\u00e1gi t\u00f6rekv\u00e9seivel kapcsolatos inform\u00e1ci\u00f3k, valamint a bejelent\u00e9sekhez kapcsol\u00f3d\u00f3 fel\u00fclet a bejelent\u0151v\u00e9delmi t\u00f6rv\u00e9ny (Hinweisgeberschutzgesetz) keret\u00e9ben szint\u00e9n el\u00e9rhet\u0151.<\/p><p>Emellett lehet\u0151s\u00e9g van a v\u00e1llalatn\u00e1l munkav\u00e1llal\u00e1sra val\u00f3 jelentkez\u00e9sre, az aktu\u00e1lis \u00e1ll\u00e1shirdet\u00e9sek megtekint\u00e9s\u00e9re, valamint a v\u00e1llalattal kapcsolatos h\u00edrek b\u00f6ng\u00e9sz\u00e9s\u00e9re.<\/p><p>A weboldalon el\u00e9rhet\u0151 kapcsolatfelv\u00e9teli \u0171rlapok is seg\u00edtik a l\u00e1togat\u00f3k k\u00f6zvetlen kapcsolatfelv\u00e9tel\u00e9t.<br \/>Tov\u00e1bb\u00e1 a G\u00f6tz-csoport telephelyeinek \u00e9s fi\u00f3kjainak \u00e1ttekint\u00e9se is el\u00e9rhet\u0151.<\/p><p><strong>A hozz\u00e1f\u00e9rhet\u0151s\u00e9g k\u00f6vetelm\u00e9nyeinek val\u00f3 megfelel\u00e9s \u00e1ll\u00e1sa:<\/strong><\/p><p>A hozz\u00e1f\u00e9rhet\u0151s\u00e9g k\u00f6vetelm\u00e9nyeit a BFSG (Barrierefreiheitsst\u00e4rkungsgesetz \u2013 Akad\u00e1lymentes\u00edt\u00e9s meger\u0151s\u00edt\u00e9s\u00e9r\u0151l sz\u00f3l\u00f3 t\u00f6rv\u00e9ny) 3. \u00a7 (2) bekezd\u00e9se, valamint az ehhez kapcsol\u00f3d\u00f3 rendeletek hat\u00e1rozz\u00e1k meg.<br \/>A megfelel\u00e9s ellen\u0151rz\u00e9se 2025. j\u00falius\u00e1ban webes eszk\u00f6z\u00f6kkel v\u00e9gzett tesztek alapj\u00e1n t\u00f6rt\u00e9nt.<\/p><p>A weboldal nagyr\u00e9szt megfelel a WCAG 2.1 szabv\u00e1ny AA szint\u0171 k\u00f6vetelm\u00e9nyeinek.<br \/>Az akad\u00e1lymentess\u00e9g biztos\u00edt\u00e1sa nagyr\u00e9szt a DIGIaccess eszk\u00f6z integr\u00e1l\u00e1s\u00e1val t\u00f6rt\u00e9nik.<\/p><p>A weboldal azonban nem minden tekintetben felel meg a jelenleg \u00e9rv\u00e9nyes akad\u00e1lymentess\u00e9gi el\u0151\u00edr\u00e1soknak. R\u00e9szletezve:<\/p><p><strong>Nem akad\u00e1lymentes tartalmak:<\/strong><br \/>Az al\u00e1bbi tartalmak az al\u00e1bbi okokb\u00f3l nem akad\u00e1lymentesek:<\/p><ul><li>A vide\u00f3khoz hi\u00e1nyoznak vagy nem kiel\u00e9g\u00edt\u0151ek a feliratok (nincsenek teljes \u00e1tiratok vagy hangos le\u00edr\u00e1sok).<\/li><li>A PDF-dokumentumok nem akad\u00e1lymentesek (hi\u00e1nyz\u00f3 c\u00edmk\u00e9k, nem megfelel\u0151 szerkezet).<\/li><li>A be\u00e1gyazott, k\u00fcls\u0151 \u201eP&amp;I Bewerbermanagement\u201d p\u00e1ly\u00e1zatkezel\u0151 rendszer jelenleg nem akad\u00e1lymentes, \u00e9s k\u00fcl\u00f6n\u00f6sen a k\u00e9perny\u0151olvas\u00f3t vagy mozg\u00e1skorl\u00e1toz\u00e1ssal \u00e9l\u0151 felhaszn\u00e1l\u00f3k sz\u00e1m\u00e1ra nehezen hozz\u00e1f\u00e9rhet\u0151.<\/li><\/ul><p><strong>Ar\u00e1nytalan teher:<\/strong><br \/>Az (EU) 2016\/2102 ir\u00e1nyelv 5. cikke alapj\u00e1n bizonyos tartalmak akad\u00e1lymentes\u00edt\u00e9se ar\u00e1nytalan terhet jelentene. Minden er\u0151fesz\u00edt\u00e9s\u00fcnk ellen\u00e9re jelenleg az al\u00e1bbi tartalmakat nem tudjuk teljes m\u00e9rt\u00e9kben akad\u00e1lymentesen biztos\u00edtani:<\/p><p><strong>R\u00e9gebbi PDF- \u00e9s Office-dokumentumok:<\/strong><br \/>A 2025. j\u00falius 25. el\u0151tt k\u00f6zz\u00e9tett PDF- \u00e9s Word-dokumentumok nem akad\u00e1lymentesek. Ezek gyakran hi\u00e1nyos strukt\u00far\u00e1val, nem megfelel\u0151 alternat\u00edv sz\u00f6vegekkel vagy olyan bonyolult tartalmakkal rendelkeznek, amelyeket r\u00f6vid id\u0151n bel\u00fcl nem tudunk megfelel\u0151en \u00e1tdolgozni.<\/p><ul><li>Az \u00faj dokumentumokat lehet\u0151s\u00e9g szerint akad\u00e1lymentes form\u00e1tumban tessz\u00fck k\u00f6zz\u00e9.<\/li><li>Amennyiben egy adott dokumentum akad\u00e1lymentes v\u00e1ltozat\u00e1ra van sz\u00fcks\u00e9ge, k\u00e9rj\u00fck, l\u00e9pjen kapcsolatba vel\u00fcnk a <strong>service@goetz-fm.com<\/strong> c\u00edmen.<\/li><\/ul><p><strong>R\u00e9gebbi vide\u00f3k felirat vagy hangos le\u00edr\u00e1s n\u00e9lk\u00fcl:<\/strong><br \/>A 2025. j\u00fanius 28. el\u0151tt k\u00f6zz\u00e9tett vide\u00f3k nem minden esetben tartalmaznak feliratot, hangos le\u00edr\u00e1st, illetve nem minden funkci\u00f3juk \u00e9rhet\u0151 el akad\u00e1lymentesen.<\/p><ul><li>Az \u00faj vide\u00f3k lehet\u0151s\u00e9g szerint felirattal \u00e9s tov\u00e1bbi akad\u00e1lymentes funkci\u00f3kkal ker\u00fclnek k\u00f6zz\u00e9t\u00e9telre.<\/li><li>Ha seg\u00edts\u00e9gre van sz\u00fcks\u00e9ge r\u00e9gebbi vide\u00f3tartalmak el\u00e9r\u00e9s\u00e9ben, k\u00e9rj\u00fck, vegye fel vel\u00fcnk a kapcsolatot a <strong>service@goetz-fm.com<\/strong> c\u00edmen.<\/li><\/ul><p><strong>P\u00e1ly\u00e1zatkezel\u0151 rendszer:<\/strong><br \/>Weboldalunkon egy k\u00fcls\u0151 szolg\u00e1ltat\u00f3, a \u201eP&amp;I Bewerbermanagement\u201d p\u00e1ly\u00e1zatkezel\u0151 rendszer ker\u00fclt integr\u00e1l\u00e1sra. Ez a rendszer jelenleg nem felel meg teljes m\u00e9rt\u00e9kben az akad\u00e1lymentess\u00e9gi el\u0151\u00edr\u00e1soknak.<\/p><ul><li>Mivel ez egy \u00f6n\u00e1ll\u00f3, k\u00fcls\u0151 alkalmaz\u00e1s, nincs k\u00f6zvetlen r\u00e1hat\u00e1sunk annak akad\u00e1lymentes\u00edt\u00e9s\u00e9re. Azonban kapcsolatban \u00e1llunk a szolg\u00e1ltat\u00f3val, \u00e9s szorgalmazzuk a fejleszt\u00e9seket.<\/li><li>Ha neh\u00e9zs\u00e9gei ad\u00f3dnak a p\u00e1ly\u00e1zati fel\u00fclet haszn\u00e1lat\u00e1ban, sz\u00edvesen k\u00edn\u00e1lunk akad\u00e1lymentes alternat\u00edv\u00e1t. K\u00e9rj\u00fck, l\u00e9pjen kapcsolatba vel\u00fcnk a megadott postai c\u00edmen, telefonsz\u00e1mon vagy e-mail c\u00edmen kereszt\u00fcl.<\/li><\/ul><p><strong>Visszajelz\u00e9s \u00e9s kapcsolattart\u00e1s:<\/strong><\/p><p>\u00c9szlelt akad\u00e1lyokat a <a href=\"https:\/\/goetz-fm.com\/\">https:\/\/goetz-fm.com\/<\/a> weboldal tartalmainak el\u00e9r\u00e9s\u00e9ben? K\u00e9rj\u00fck, forduljon hozz\u00e1nk bizalommal! \u00d6r\u00f6mmel fogadjuk visszajelz\u00e9s\u00e9t, \u00e9s t\u00f6reksz\u00fcnk arra, hogy a technikai \u00e9s gazdas\u00e1gi lehet\u0151s\u00e9gek keretein bel\u00fcl a bejelentett akad\u00e1lyokat miel\u0151bb megsz\u00fcntess\u00fck. K\u00e9rj\u00fck, jelezze, hogy a weboldal melyik oldal\u00e1n \u00e9s mely funkci\u00f3n\u00e1l tapasztalt akad\u00e1lyokat. Ehhez m\u00e1solja ki a b\u00f6ng\u00e9sz\u0151 c\u00edmsor\u00e1b\u00f3l az adott oldal linkj\u00e9t.<\/p><p>Az al\u00e1bbi m\u00f3dokon jelezheti fel\u00e9nk az akad\u00e1lyokat:<\/p><p><strong>Postai \u00faton:<\/strong><br \/>G\u00f6tz-Management-Holding AG<br \/>K\u00f6zponti irodah\u00e1z Regensburg<br \/>Hofer Stra\u00dfe 10<br \/>93057 Regensburg<br \/>N\u00e9metorsz\u00e1g<\/p><p><strong>Telefonon:<\/strong> +49 941 6404-0<br \/><strong>Faxon:<\/strong> +49 941 6404-190<br \/><strong>E-mailen:<\/strong> service@goetz-fm.com<\/p><p><strong>Egyeztet\u00e9si elj\u00e1r\u00e1s:<\/strong><\/p><p>Amennyiben a fenti el\u00e9rhet\u0151s\u00e9geken kereszt\u00fcl t\u00f6rt\u00e9nt visszajelz\u00e9se ut\u00e1n sem sz\u00fcletik kiel\u00e9g\u00edt\u0151 megold\u00e1s, a BFSG 34. \u00a7-a alapj\u00e1n lehet\u0151s\u00e9ge van egyeztet\u00e9si elj\u00e1r\u00e1st kezdem\u00e9nyezni. Az egyeztet\u0151 szervet a n\u00e9met Fogyat\u00e9kos\u00fcgyi Egyenl\u0151s\u00e9gi T\u00f6rv\u00e9ny (BGG) 16. \u00a7 (1) bekezd\u00e9se alapj\u00e1n jel\u00f6lik ki. Az \u0151 feladatuk az, hogy a fogyat\u00e9koss\u00e1ggal \u00e9l\u0151 szem\u00e9lyek \u00e9s gazdas\u00e1gi szerepl\u0151k k\u00f6z\u00f6tti akad\u00e1lymentess\u00e9ggel kapcsolatos vit\u00e1kban peren k\u00edv\u00fcli megold\u00e1sokat seg\u00edtsenek el\u0151.<\/p><p>Az egyeztet\u00e9si elj\u00e1r\u00e1s ingyenes, \u00e9s jogi k\u00e9pvisel\u0151 ig\u00e9nybev\u00e9tele nem k\u00f6telez\u0151.<\/p><p>A v\u00e9grehajt\u00e1s\u00e9rt felel\u0151s hat\u00f3s\u00e1g el\u00e9rhet\u0151s\u00e9gei:<\/p><p>c\/o Ministerium f\u00fcr Arbeit, Soziales, Gesundheit und Gleichstellung Sachsen-Anhalt<br \/>Postfach 39 11 55<br \/>39135 Magdeburg<br \/>Telefon: +49 391 567 6970<br \/>E-mail: MLBF(at)ms.sachsen-anhalt.de<\/p><p>Ez az akad\u00e1lymentess\u00e9gi nyilatkozat a legnagyobb gondoss\u00e1ggal k\u00e9sz\u00fclt. Rendszeresen friss\u00edtj\u00fck, hogy a technika aktu\u00e1lis k\u00f6vetelm\u00e9nyeinek \u00e9s szabv\u00e1nyainak a j\u00f6v\u0151ben is megfeleljen. Ennek ellen\u00e9re az esetleges hib\u00e1k teljes m\u00e9rt\u00e9kben nem z\u00e1rhat\u00f3k ki. Ha hib\u00e1t tal\u00e1l ebben a nyilatkozatban, k\u00e9rj\u00fck, jelezze fel\u00e9nk a fenti el\u00e9rhet\u0151s\u00e9gek valamelyik\u00e9n kereszt\u00fcl.<\/p><p>Regensburg, 27.01.2026<\/p>\t\t\t\t\t\t\t\t<\/div>\n\t\t\t\t<\/div>\n\t\t\t\t\t<\/div>\n\t\t<\/div>\n\t\t\t\t\t<\/div>\n\t\t<\/section>\n\t\t\t\t<\/div>\n\t\t","protected":false},"excerpt":{"rendered":"<p>Akad\u00e1lymentess\u00e9gi nyilatkozat Akad\u00e1lymentess\u00e9gi nyilatkozat A G\u00f6tz Management-Holding AG arra t\u00f6rekszik, hogy a https:\/\/goetz-fm.com\/ weboldal\u00e1t a Barrierefreiheitsst\u00e4rkungsgesetz (BFSG) \u2013 Akad\u00e1lymentes\u00edt\u00e9s meger\u0151s\u00edt\u00e9s\u00e9r\u0151l sz\u00f3l\u00f3 t\u00f6rv\u00e9ny \u2013 rendelkez\u00e9seivel \u00f6sszhangban akad\u00e1lymentesen hozz\u00e1f\u00e9rhet\u0151v\u00e9 tegye. Ez az akad\u00e1lymentess\u00e9gi nyilatkozat a https:\/\/goetz-fm.com\/ weboldalra vonatkozik. G\u00f6tz Management-Holding AGK\u00f6zponti iroda: RegensburgHofer Stra\u00dfe 1093057 RegensburgTel.: +49 941 6404-0Fax: +49 941 6404-190E-mail: service@goetz-fm.com Az el\u00e9rhet\u0151 szolg\u00e1ltat\u00e1sok \u00e1ltal\u00e1nos [&hellip;]<\/p>\n","protected":false},"author":8,"featured_media":0,"parent":0,"menu_order":0,"comment_status":"closed","ping_status":"closed","template":"","meta":{"_acf_changed":false,"footnotes":""},"class_list":["post-13980","page","type-page","status-publish","hentry"],"acf":[],"yoast_head":"<!-- This site is optimized with the Yoast SEO plugin v27.2 - https:\/\/yoast.com\/product\/yoast-seo-wordpress\/ -->\n<title>Akad\u00e1lymentess\u00e9gi nyilatkozat - G\u00f6tz-Gruppe<\/title>\n<meta name=\"description\" content=\"Wie wir ihre Daten sch\u00fctzen, mit pers\u00f6nlichen Informationen umgehen und den Kontakt zu unserem Datenschutzbeauftragten finden Sie hier.\" \/>\n<meta name=\"robots\" content=\"index, follow, max-snippet:-1, max-image-preview:large, max-video-preview:-1\" \/>\n<link rel=\"canonical\" href=\"https:\/\/goetz-fm.com\/hu\/akadalymentessegi-nyilatkozat\/\" \/>\n<meta property=\"og:locale\" content=\"hu_HU\" \/>\n<meta property=\"og:type\" content=\"article\" \/>\n<meta property=\"og:title\" content=\"Akad\u00e1lymentess\u00e9gi nyilatkozat - G\u00f6tz-Gruppe\" \/>\n<meta property=\"og:description\" content=\"Wie wir ihre Daten sch\u00fctzen, mit pers\u00f6nlichen Informationen umgehen und den Kontakt zu unserem Datenschutzbeauftragten finden Sie hier.\" \/>\n<meta property=\"og:url\" content=\"https:\/\/goetz-fm.com\/hu\/akadalymentessegi-nyilatkozat\/\" \/>\n<meta property=\"og:site_name\" content=\"G\u00f6tz-Gruppe\" \/>\n<meta property=\"article:modified_time\" content=\"2026-02-19T08:07:58+00:00\" \/>\n<meta name=\"twitter:card\" content=\"summary_large_image\" \/>\n<meta name=\"twitter:label1\" content=\"Becs\u00fclt olvas\u00e1si id\u0151\" \/>\n\t<meta name=\"twitter:data1\" content=\"5 perc\" \/>\n<script type=\"application\/ld+json\" class=\"yoast-schema-graph\">{\"@context\":\"https:\/\/schema.org\",\"@graph\":[{\"@type\":\"WebPage\",\"@id\":\"https:\/\/goetz-fm.com\/hu\/akadalymentessegi-nyilatkozat\/\",\"url\":\"https:\/\/goetz-fm.com\/hu\/akadalymentessegi-nyilatkozat\/\",\"name\":\"Akad\u00e1lymentess\u00e9gi nyilatkozat - G\u00f6tz-Gruppe\",\"isPartOf\":{\"@id\":\"https:\/\/goetz-fm.com\/hu\/#website\"},\"datePublished\":\"2026-02-19T07:54:49+00:00\",\"dateModified\":\"2026-02-19T08:07:58+00:00\",\"description\":\"Wie wir ihre Daten sch\u00fctzen, mit pers\u00f6nlichen Informationen umgehen und den Kontakt zu unserem Datenschutzbeauftragten finden Sie hier.\",\"breadcrumb\":{\"@id\":\"https:\/\/goetz-fm.com\/hu\/akadalymentessegi-nyilatkozat\/#breadcrumb\"},\"inLanguage\":\"hu\",\"potentialAction\":[{\"@type\":\"ReadAction\",\"target\":[\"https:\/\/goetz-fm.com\/hu\/akadalymentessegi-nyilatkozat\/\"]}]},{\"@type\":\"BreadcrumbList\",\"@id\":\"https:\/\/goetz-fm.com\/hu\/akadalymentessegi-nyilatkozat\/#breadcrumb\",\"itemListElement\":[{\"@type\":\"ListItem\",\"position\":1,\"name\":\"Home\",\"item\":\"https:\/\/goetz-fm.com\/hu\/home\/\"},{\"@type\":\"ListItem\",\"position\":2,\"name\":\"Akad\u00e1lymentess\u00e9gi nyilatkozat\"}]},{\"@type\":\"WebSite\",\"@id\":\"https:\/\/goetz-fm.com\/hu\/#website\",\"url\":\"https:\/\/goetz-fm.com\/hu\/\",\"name\":\"G\u00f6tz-Gruppe\",\"description\":\"Quality Services\",\"publisher\":{\"@id\":\"https:\/\/goetz-fm.com\/hu\/#organization\"},\"potentialAction\":[{\"@type\":\"SearchAction\",\"target\":{\"@type\":\"EntryPoint\",\"urlTemplate\":\"https:\/\/goetz-fm.com\/hu\/?s={search_term_string}\"},\"query-input\":{\"@type\":\"PropertyValueSpecification\",\"valueRequired\":true,\"valueName\":\"search_term_string\"}}],\"inLanguage\":\"hu\"},{\"@type\":\"Organization\",\"@id\":\"https:\/\/goetz-fm.com\/hu\/#organization\",\"name\":\"G\u00f6tz-Management-Holding AG\",\"url\":\"https:\/\/goetz-fm.com\/hu\/\",\"logo\":{\"@type\":\"ImageObject\",\"inLanguage\":\"hu\",\"@id\":\"https:\/\/goetz-fm.com\/hu\/#\/schema\/logo\/image\/\",\"url\":\"https:\/\/goetz-fm.com\/wp-content\/uploads\/goetz_logo.svg\",\"contentUrl\":\"https:\/\/goetz-fm.com\/wp-content\/uploads\/goetz_logo.svg\",\"width\":1098,\"height\":436,\"caption\":\"G\u00f6tz-Management-Holding AG\"},\"image\":{\"@id\":\"https:\/\/goetz-fm.com\/hu\/#\/schema\/logo\/image\/\"}}]}<\/script>\n<!-- \/ Yoast SEO plugin. -->","yoast_head_json":{"title":"Akad\u00e1lymentess\u00e9gi nyilatkozat - G\u00f6tz-Gruppe","description":"Wie wir ihre Daten sch\u00fctzen, mit pers\u00f6nlichen Informationen umgehen und den Kontakt zu unserem Datenschutzbeauftragten finden Sie hier.","robots":{"index":"index","follow":"follow","max-snippet":"max-snippet:-1","max-image-preview":"max-image-preview:large","max-video-preview":"max-video-preview:-1"},"canonical":"https:\/\/goetz-fm.com\/hu\/akadalymentessegi-nyilatkozat\/","og_locale":"hu_HU","og_type":"article","og_title":"Akad\u00e1lymentess\u00e9gi nyilatkozat - G\u00f6tz-Gruppe","og_description":"Wie wir ihre Daten sch\u00fctzen, mit pers\u00f6nlichen Informationen umgehen und den Kontakt zu unserem Datenschutzbeauftragten finden Sie hier.","og_url":"https:\/\/goetz-fm.com\/hu\/akadalymentessegi-nyilatkozat\/","og_site_name":"G\u00f6tz-Gruppe","article_modified_time":"2026-02-19T08:07:58+00:00","twitter_card":"summary_large_image","twitter_misc":{"Becs\u00fclt olvas\u00e1si id\u0151":"5 perc"},"schema":{"@context":"https:\/\/schema.org","@graph":[{"@type":"WebPage","@id":"https:\/\/goetz-fm.com\/hu\/akadalymentessegi-nyilatkozat\/","url":"https:\/\/goetz-fm.com\/hu\/akadalymentessegi-nyilatkozat\/","name":"Akad\u00e1lymentess\u00e9gi nyilatkozat - G\u00f6tz-Gruppe","isPartOf":{"@id":"https:\/\/goetz-fm.com\/hu\/#website"},"datePublished":"2026-02-19T07:54:49+00:00","dateModified":"2026-02-19T08:07:58+00:00","description":"Wie wir ihre Daten sch\u00fctzen, mit pers\u00f6nlichen Informationen umgehen und den Kontakt zu unserem Datenschutzbeauftragten finden Sie hier.","breadcrumb":{"@id":"https:\/\/goetz-fm.com\/hu\/akadalymentessegi-nyilatkozat\/#breadcrumb"},"inLanguage":"hu","potentialAction":[{"@type":"ReadAction","target":["https:\/\/goetz-fm.com\/hu\/akadalymentessegi-nyilatkozat\/"]}]},{"@type":"BreadcrumbList","@id":"https:\/\/goetz-fm.com\/hu\/akadalymentessegi-nyilatkozat\/#breadcrumb","itemListElement":[{"@type":"ListItem","position":1,"name":"Home","item":"https:\/\/goetz-fm.com\/hu\/home\/"},{"@type":"ListItem","position":2,"name":"Akad\u00e1lymentess\u00e9gi nyilatkozat"}]},{"@type":"WebSite","@id":"https:\/\/goetz-fm.com\/hu\/#website","url":"https:\/\/goetz-fm.com\/hu\/","name":"G\u00f6tz-Gruppe","description":"Quality Services","publisher":{"@id":"https:\/\/goetz-fm.com\/hu\/#organization"},"potentialAction":[{"@type":"SearchAction","target":{"@type":"EntryPoint","urlTemplate":"https:\/\/goetz-fm.com\/hu\/?s={search_term_string}"},"query-input":{"@type":"PropertyValueSpecification","valueRequired":true,"valueName":"search_term_string"}}],"inLanguage":"hu"},{"@type":"Organization","@id":"https:\/\/goetz-fm.com\/hu\/#organization","name":"G\u00f6tz-Management-Holding AG","url":"https:\/\/goetz-fm.com\/hu\/","logo":{"@type":"ImageObject","inLanguage":"hu","@id":"https:\/\/goetz-fm.com\/hu\/#\/schema\/logo\/image\/","url":"https:\/\/goetz-fm.com\/wp-content\/uploads\/goetz_logo.svg","contentUrl":"https:\/\/goetz-fm.com\/wp-content\/uploads\/goetz_logo.svg","width":1098,"height":436,"caption":"G\u00f6tz-Management-Holding AG"},"image":{"@id":"https:\/\/goetz-fm.com\/hu\/#\/schema\/logo\/image\/"}}]}},"_links":{"self":[{"href":"https:\/\/goetz-fm.com\/hu\/wp-json\/wp\/v2\/pages\/13980","targetHints":{"allow":["GET"]}}],"collection":[{"href":"https:\/\/goetz-fm.com\/hu\/wp-json\/wp\/v2\/pages"}],"about":[{"href":"https:\/\/goetz-fm.com\/hu\/wp-json\/wp\/v2\/types\/page"}],"author":[{"embeddable":true,"href":"https:\/\/goetz-fm.com\/hu\/wp-json\/wp\/v2\/users\/8"}],"replies":[{"embeddable":true,"href":"https:\/\/goetz-fm.com\/hu\/wp-json\/wp\/v2\/comments?post=13980"}],"version-history":[{"count":4,"href":"https:\/\/goetz-fm.com\/hu\/wp-json\/wp\/v2\/pages\/13980\/revisions"}],"predecessor-version":[{"id":13996,"href":"https:\/\/goetz-fm.com\/hu\/wp-json\/wp\/v2\/pages\/13980\/revisions\/13996"}],"wp:attachment":[{"href":"https:\/\/goetz-fm.com\/hu\/wp-json\/wp\/v2\/media?parent=13980"}],"curies":[{"name":"wp","href":"https:\/\/api.w.org\/{rel}","templated":true}]}}