{"id":6328,"date":"2022-03-30T11:14:43","date_gmt":"2022-03-30T09:14:43","guid":{"rendered":"https:\/\/goetz-fm.com\/jobs\/"},"modified":"2025-12-23T16:06:12","modified_gmt":"2025-12-23T15:06:12","slug":"allasok","status":"publish","type":"page","link":"https:\/\/goetz-fm.com\/hu\/kariera-w-gotz\/allasok\/","title":{"rendered":"\u00c1LL\u00c1SOK"},"content":{"rendered":"\t\t<div data-elementor-type=\"wp-page\" data-elementor-id=\"6328\" class=\"elementor elementor-6328 elementor-3833\" data-elementor-post-type=\"page\">\n\t\t\t\t\t\t<section class=\"elementor-section elementor-top-section elementor-element elementor-element-a12a846 elementor-section-height-min-height elementor-section-items-bottom elementor-section-boxed elementor-section-height-default\" data-id=\"a12a846\" data-element_type=\"section\" data-e-type=\"section\" data-settings=\"{&quot;background_background&quot;:&quot;classic&quot;}\">\n\t\t\t\t\t\t<div class=\"elementor-container elementor-column-gap-default\">\n\t\t\t\t\t<div class=\"elementor-column elementor-col-100 elementor-top-column elementor-element elementor-element-f0d9c1f\" data-id=\"f0d9c1f\" data-element_type=\"column\" data-e-type=\"column\">\n\t\t\t<div class=\"elementor-widget-wrap\">\n\t\t\t\t\t\t\t<\/div>\n\t\t<\/div>\n\t\t\t\t\t<\/div>\n\t\t<\/section>\n\t\t\t\t<section class=\"elementor-section elementor-top-section elementor-element elementor-element-174db99 elementor-section-boxed elementor-section-height-default elementor-section-height-default\" data-id=\"174db99\" data-element_type=\"section\" data-e-type=\"section\">\n\t\t\t\t\t\t<div class=\"elementor-container elementor-column-gap-wider\">\n\t\t\t\t\t<div class=\"elementor-column elementor-col-100 elementor-top-column elementor-element elementor-element-4d5219f\" data-id=\"4d5219f\" data-element_type=\"column\" data-e-type=\"column\">\n\t\t\t<div class=\"elementor-widget-wrap elementor-element-populated\">\n\t\t\t\t\t\t<div class=\"elementor-element elementor-element-3f287a7 elementor-widget elementor-widget-breadcrumbs\" data-id=\"3f287a7\" data-element_type=\"widget\" data-e-type=\"widget\" data-widget_type=\"breadcrumbs.default\">\n\t\t\t\t<div class=\"elementor-widget-container\">\n\t\t\t\t\t<p id=\"breadcrumbs\"><span><span><a href=\"https:\/\/goetz-fm.com\/hu\/home\/\">Home<\/a><\/span><\/span><\/p>\t\t\t\t<\/div>\n\t\t\t\t<\/div>\n\t\t\t\t<div class=\"elementor-element elementor-element-f78100e elementor-widget elementor-widget-heading\" data-id=\"f78100e\" data-element_type=\"widget\" data-e-type=\"widget\" data-widget_type=\"heading.default\">\n\t\t\t\t<div class=\"elementor-widget-container\">\n\t\t\t\t\t<h1 class=\"elementor-heading-title elementor-size-default\">\u00c1LL\u00c1SOK A G\u00d6TZ CSOPORTJ\u00c1L<\/h1>\t\t\t\t<\/div>\n\t\t\t\t<\/div>\n\t\t\t\t\t<\/div>\n\t\t<\/div>\n\t\t\t\t\t<\/div>\n\t\t<\/section>\n\t\t\t\t<section class=\"elementor-section elementor-top-section elementor-element elementor-element-f412e95 elementor-reverse-tablet elementor-reverse-mobile content-width elementor-section-boxed elementor-section-height-default elementor-section-height-default\" data-id=\"f412e95\" data-element_type=\"section\" data-e-type=\"section\">\n\t\t\t\t\t\t<div class=\"elementor-container elementor-column-gap-wider\">\n\t\t\t\t\t<div class=\"elementor-column elementor-col-100 elementor-top-column elementor-element elementor-element-3c0f567\" data-id=\"3c0f567\" data-element_type=\"column\" data-e-type=\"column\">\n\t\t\t<div class=\"elementor-widget-wrap elementor-element-populated\">\n\t\t\t\t\t\t<div class=\"elementor-element elementor-element-3395505 elementor-widget elementor-widget-text-editor\" data-id=\"3395505\" data-element_type=\"widget\" data-e-type=\"widget\" data-widget_type=\"text-editor.default\">\n\t\t\t\t<div class=\"elementor-widget-container\">\n\t\t\t\t\t\t\t\t\t<p>Modern csal\u00e1di v\u00e1llalkoz\u00e1sk\u00e9nt a G\u00f6tz-csoport csal\u00e1dias l\u00e9gk\u00f6rben, kil\u00e1t\u00e1sokkal teli munkahelyet garant\u00e1l dolgoz\u00f3inak. Olyan emberekre van sz\u00fcks\u00e9g\u00fcnk, mint te.<\/p>\t\t\t\t\t\t\t\t<\/div>\n\t\t\t\t<\/div>\n\t\t\t\t<div class=\"elementor-element elementor-element-a54e29b elementor-widget elementor-widget-text-editor\" data-id=\"a54e29b\" data-element_type=\"widget\" data-e-type=\"widget\" data-widget_type=\"text-editor.default\">\n\t\t\t\t<div class=\"elementor-widget-container\">\n\t\t\t\t\t\t\t\t\t<p>Sz\u00e9lesk\u00f6r\u0171 szolg\u00e1ltat\u00e1si portf\u00f3li\u00f3nknak k\u00f6sz\u00f6nhet\u0151en az \u00e1ll\u00e1slehet\u0151s\u00e9gek sz\u00e9les v\u00e1laszt\u00e9k\u00e1t k\u00edn\u00e1ljuk \u00d6nnek. \u00c9rdekes feladatok v\u00e1rnak \u00d6nre a kereskedelmi, valamint a manu\u00e1lis \u00e9s m\u0171szaki ter\u00fcleteken. Legyen \u00d6n is G\u00f6tz csal\u00e1dunk tagja!<\/p>\t\t\t\t\t\t\t\t<\/div>\n\t\t\t\t<\/div>\n\t\t\t\t<div class=\"elementor-element elementor-element-3d2cf05 elementor-widget elementor-widget-button\" data-id=\"3d2cf05\" data-element_type=\"widget\" data-e-type=\"widget\" data-widget_type=\"button.default\">\n\t\t\t\t<div class=\"elementor-widget-container\">\n\t\t\t\t\t\t\t\t\t<div class=\"elementor-button-wrapper\">\n\t\t\t\t\t<a class=\"elementor-button elementor-button-link elementor-size-sm\" href=\"tel:0036%20305207885\" target=\"_blank\">\n\t\t\t\t\t\t<span class=\"elementor-button-content-wrapper\">\n\t\t\t\t\t\t<span class=\"elementor-button-icon\">\n\t\t\t\t<i aria-hidden=\"true\" class=\"fas fa-phone-alt\"><\/i>\t\t\t<\/span>\n\t\t\t\t\t\t\t\t\t<span class=\"elementor-button-text\">+36 305207885<\/span>\n\t\t\t\t\t<\/span>\n\t\t\t\t\t<\/a>\n\t\t\t\t<\/div>\n\t\t\t\t\t\t\t\t<\/div>\n\t\t\t\t<\/div>\n\t\t\t\t<div class=\"elementor-element elementor-element-9a5e277 elementor-widget elementor-widget-button\" data-id=\"9a5e277\" data-element_type=\"widget\" data-e-type=\"widget\" data-widget_type=\"button.default\">\n\t\t\t\t<div class=\"elementor-widget-container\">\n\t\t\t\t\t\t\t\t\t<div class=\"elementor-button-wrapper\">\n\t\t\t\t\t<a class=\"elementor-button elementor-button-link elementor-size-sm\" href=\"mailto:goetz81adrienn@t-email.hu\" target=\"_blank\">\n\t\t\t\t\t\t<span class=\"elementor-button-content-wrapper\">\n\t\t\t\t\t\t<span class=\"elementor-button-icon\">\n\t\t\t\t<i aria-hidden=\"true\" class=\"fas fa-mail-bulk\"><\/i>\t\t\t<\/span>\n\t\t\t\t\t\t\t\t\t<span class=\"elementor-button-text\">goetz81adrienn@t-email.hu<\/span>\n\t\t\t\t\t<\/span>\n\t\t\t\t\t<\/a>\n\t\t\t\t<\/div>\n\t\t\t\t\t\t\t\t<\/div>\n\t\t\t\t<\/div>\n\t\t\t\t\t<\/div>\n\t\t<\/div>\n\t\t\t\t\t<\/div>\n\t\t<\/section>\n\t\t\t\t<\/div>\n\t\t","protected":false},"excerpt":{"rendered":"<p>\u00c1LL\u00c1SOK A G\u00d6TZ CSOPORTJ\u00c1L Modern csal\u00e1di v\u00e1llalkoz\u00e1sk\u00e9nt a G\u00f6tz-csoport csal\u00e1dias l\u00e9gk\u00f6rben, kil\u00e1t\u00e1sokkal teli munkahelyet garant\u00e1l dolgoz\u00f3inak. Olyan emberekre van sz\u00fcks\u00e9g\u00fcnk, mint te. Sz\u00e9lesk\u00f6r\u0171 szolg\u00e1ltat\u00e1si portf\u00f3li\u00f3nknak k\u00f6sz\u00f6nhet\u0151en az \u00e1ll\u00e1slehet\u0151s\u00e9gek sz\u00e9les v\u00e1laszt\u00e9k\u00e1t k\u00edn\u00e1ljuk \u00d6nnek. \u00c9rdekes feladatok v\u00e1rnak \u00d6nre a kereskedelmi, valamint a manu\u00e1lis \u00e9s m\u0171szaki ter\u00fcleteken. Legyen \u00d6n is G\u00f6tz csal\u00e1dunk tagja! +36 305207885 goetz81adrienn@t-email.hu<\/p>\n","protected":false},"author":1,"featured_media":0,"parent":6422,"menu_order":0,"comment_status":"closed","ping_status":"closed","template":"","meta":{"_acf_changed":false,"footnotes":""},"class_list":["post-6328","page","type-page","status-publish","hentry"],"acf":[],"yoast_head":"<!-- This site is optimized with the Yoast SEO plugin v27.2 - https:\/\/yoast.com\/product\/yoast-seo-wordpress\/ -->\n<title>\u00c1LL\u00c1SOK - G\u00f6tz-Gruppe<\/title>\n<meta name=\"description\" content=\"Offene Stellen bei der G\u00f6tz-Gruppe. Jetzt auf unsere vielseitigen Berufsangebote bewerben! Wir haben den Job f\u00fcr Sie.\" \/>\n<meta name=\"robots\" content=\"index, follow, max-snippet:-1, max-image-preview:large, max-video-preview:-1\" \/>\n<link rel=\"canonical\" href=\"https:\/\/goetz-fm.com\/hu\/kariera-w-gotz\/allasok\/\" \/>\n<meta property=\"og:locale\" content=\"hu_HU\" \/>\n<meta property=\"og:type\" content=\"article\" \/>\n<meta property=\"og:title\" content=\"\u00c1LL\u00c1SOK - G\u00f6tz-Gruppe\" \/>\n<meta property=\"og:description\" content=\"Offene Stellen bei der G\u00f6tz-Gruppe. Jetzt auf unsere vielseitigen Berufsangebote bewerben! Wir haben den Job f\u00fcr Sie.\" \/>\n<meta property=\"og:url\" content=\"https:\/\/goetz-fm.com\/hu\/kariera-w-gotz\/allasok\/\" \/>\n<meta property=\"og:site_name\" content=\"G\u00f6tz-Gruppe\" \/>\n<meta property=\"article:modified_time\" content=\"2025-12-23T15:06:12+00:00\" \/>\n<meta name=\"twitter:card\" content=\"summary_large_image\" \/>\n<meta name=\"twitter:label1\" content=\"Becs\u00fclt olvas\u00e1si id\u0151\" \/>\n\t<meta name=\"twitter:data1\" content=\"1 perc\" \/>\n<script type=\"application\/ld+json\" class=\"yoast-schema-graph\">{\"@context\":\"https:\/\/schema.org\",\"@graph\":[{\"@type\":\"WebPage\",\"@id\":\"https:\/\/goetz-fm.com\/hu\/kariera-w-gotz\/allasok\/\",\"url\":\"https:\/\/goetz-fm.com\/hu\/kariera-w-gotz\/allasok\/\",\"name\":\"\u00c1LL\u00c1SOK - G\u00f6tz-Gruppe\",\"isPartOf\":{\"@id\":\"https:\/\/goetz-fm.com\/hu\/#website\"},\"datePublished\":\"2022-03-30T09:14:43+00:00\",\"dateModified\":\"2025-12-23T15:06:12+00:00\",\"description\":\"Offene Stellen bei der G\u00f6tz-Gruppe. Jetzt auf unsere vielseitigen Berufsangebote bewerben! Wir haben den Job f\u00fcr Sie.\",\"breadcrumb\":{\"@id\":\"https:\/\/goetz-fm.com\/hu\/kariera-w-gotz\/allasok\/#breadcrumb\"},\"inLanguage\":\"hu\",\"potentialAction\":[{\"@type\":\"ReadAction\",\"target\":[\"https:\/\/goetz-fm.com\/hu\/kariera-w-gotz\/allasok\/\"]}]},{\"@type\":\"BreadcrumbList\",\"@id\":\"https:\/\/goetz-fm.com\/hu\/kariera-w-gotz\/allasok\/#breadcrumb\",\"itemListElement\":[{\"@type\":\"ListItem\",\"position\":1,\"name\":\"Home\",\"item\":\"https:\/\/goetz-fm.com\/hu\/home\/\"},{\"@type\":\"ListItem\",\"position\":2,\"name\":\"Kariera w G\u00f6tz\",\"item\":\"https:\/\/goetz-fm.com\/hu\/kariera-w-gotz\/\"},{\"@type\":\"ListItem\",\"position\":3,\"name\":\"\u00c1LL\u00c1SOK\"}]},{\"@type\":\"WebSite\",\"@id\":\"https:\/\/goetz-fm.com\/hu\/#website\",\"url\":\"https:\/\/goetz-fm.com\/hu\/\",\"name\":\"G\u00f6tz-Gruppe\",\"description\":\"Quality Services\",\"publisher\":{\"@id\":\"https:\/\/goetz-fm.com\/hu\/#organization\"},\"potentialAction\":[{\"@type\":\"SearchAction\",\"target\":{\"@type\":\"EntryPoint\",\"urlTemplate\":\"https:\/\/goetz-fm.com\/hu\/?s={search_term_string}\"},\"query-input\":{\"@type\":\"PropertyValueSpecification\",\"valueRequired\":true,\"valueName\":\"search_term_string\"}}],\"inLanguage\":\"hu\"},{\"@type\":\"Organization\",\"@id\":\"https:\/\/goetz-fm.com\/hu\/#organization\",\"name\":\"G\u00f6tz-Management-Holding AG\",\"url\":\"https:\/\/goetz-fm.com\/hu\/\",\"logo\":{\"@type\":\"ImageObject\",\"inLanguage\":\"hu\",\"@id\":\"https:\/\/goetz-fm.com\/hu\/#\/schema\/logo\/image\/\",\"url\":\"https:\/\/goetz-fm.com\/wp-content\/uploads\/goetz_logo.svg\",\"contentUrl\":\"https:\/\/goetz-fm.com\/wp-content\/uploads\/goetz_logo.svg\",\"width\":1098,\"height\":436,\"caption\":\"G\u00f6tz-Management-Holding AG\"},\"image\":{\"@id\":\"https:\/\/goetz-fm.com\/hu\/#\/schema\/logo\/image\/\"}}]}<\/script>\n<!-- \/ Yoast SEO plugin. -->","yoast_head_json":{"title":"\u00c1LL\u00c1SOK - G\u00f6tz-Gruppe","description":"Offene Stellen bei der G\u00f6tz-Gruppe. Jetzt auf unsere vielseitigen Berufsangebote bewerben! Wir haben den Job f\u00fcr Sie.","robots":{"index":"index","follow":"follow","max-snippet":"max-snippet:-1","max-image-preview":"max-image-preview:large","max-video-preview":"max-video-preview:-1"},"canonical":"https:\/\/goetz-fm.com\/hu\/kariera-w-gotz\/allasok\/","og_locale":"hu_HU","og_type":"article","og_title":"\u00c1LL\u00c1SOK - G\u00f6tz-Gruppe","og_description":"Offene Stellen bei der G\u00f6tz-Gruppe. Jetzt auf unsere vielseitigen Berufsangebote bewerben! Wir haben den Job f\u00fcr Sie.","og_url":"https:\/\/goetz-fm.com\/hu\/kariera-w-gotz\/allasok\/","og_site_name":"G\u00f6tz-Gruppe","article_modified_time":"2025-12-23T15:06:12+00:00","twitter_card":"summary_large_image","twitter_misc":{"Becs\u00fclt olvas\u00e1si id\u0151":"1 perc"},"schema":{"@context":"https:\/\/schema.org","@graph":[{"@type":"WebPage","@id":"https:\/\/goetz-fm.com\/hu\/kariera-w-gotz\/allasok\/","url":"https:\/\/goetz-fm.com\/hu\/kariera-w-gotz\/allasok\/","name":"\u00c1LL\u00c1SOK - G\u00f6tz-Gruppe","isPartOf":{"@id":"https:\/\/goetz-fm.com\/hu\/#website"},"datePublished":"2022-03-30T09:14:43+00:00","dateModified":"2025-12-23T15:06:12+00:00","description":"Offene Stellen bei der G\u00f6tz-Gruppe. Jetzt auf unsere vielseitigen Berufsangebote bewerben! Wir haben den Job f\u00fcr Sie.","breadcrumb":{"@id":"https:\/\/goetz-fm.com\/hu\/kariera-w-gotz\/allasok\/#breadcrumb"},"inLanguage":"hu","potentialAction":[{"@type":"ReadAction","target":["https:\/\/goetz-fm.com\/hu\/kariera-w-gotz\/allasok\/"]}]},{"@type":"BreadcrumbList","@id":"https:\/\/goetz-fm.com\/hu\/kariera-w-gotz\/allasok\/#breadcrumb","itemListElement":[{"@type":"ListItem","position":1,"name":"Home","item":"https:\/\/goetz-fm.com\/hu\/home\/"},{"@type":"ListItem","position":2,"name":"Kariera w G\u00f6tz","item":"https:\/\/goetz-fm.com\/hu\/kariera-w-gotz\/"},{"@type":"ListItem","position":3,"name":"\u00c1LL\u00c1SOK"}]},{"@type":"WebSite","@id":"https:\/\/goetz-fm.com\/hu\/#website","url":"https:\/\/goetz-fm.com\/hu\/","name":"G\u00f6tz-Gruppe","description":"Quality Services","publisher":{"@id":"https:\/\/goetz-fm.com\/hu\/#organization"},"potentialAction":[{"@type":"SearchAction","target":{"@type":"EntryPoint","urlTemplate":"https:\/\/goetz-fm.com\/hu\/?s={search_term_string}"},"query-input":{"@type":"PropertyValueSpecification","valueRequired":true,"valueName":"search_term_string"}}],"inLanguage":"hu"},{"@type":"Organization","@id":"https:\/\/goetz-fm.com\/hu\/#organization","name":"G\u00f6tz-Management-Holding AG","url":"https:\/\/goetz-fm.com\/hu\/","logo":{"@type":"ImageObject","inLanguage":"hu","@id":"https:\/\/goetz-fm.com\/hu\/#\/schema\/logo\/image\/","url":"https:\/\/goetz-fm.com\/wp-content\/uploads\/goetz_logo.svg","contentUrl":"https:\/\/goetz-fm.com\/wp-content\/uploads\/goetz_logo.svg","width":1098,"height":436,"caption":"G\u00f6tz-Management-Holding AG"},"image":{"@id":"https:\/\/goetz-fm.com\/hu\/#\/schema\/logo\/image\/"}}]}},"_links":{"self":[{"href":"https:\/\/goetz-fm.com\/hu\/wp-json\/wp\/v2\/pages\/6328","targetHints":{"allow":["GET"]}}],"collection":[{"href":"https:\/\/goetz-fm.com\/hu\/wp-json\/wp\/v2\/pages"}],"about":[{"href":"https:\/\/goetz-fm.com\/hu\/wp-json\/wp\/v2\/types\/page"}],"author":[{"embeddable":true,"href":"https:\/\/goetz-fm.com\/hu\/wp-json\/wp\/v2\/users\/1"}],"replies":[{"embeddable":true,"href":"https:\/\/goetz-fm.com\/hu\/wp-json\/wp\/v2\/comments?post=6328"}],"version-history":[{"count":3,"href":"https:\/\/goetz-fm.com\/hu\/wp-json\/wp\/v2\/pages\/6328\/revisions"}],"predecessor-version":[{"id":12957,"href":"https:\/\/goetz-fm.com\/hu\/wp-json\/wp\/v2\/pages\/6328\/revisions\/12957"}],"up":[{"embeddable":true,"href":"https:\/\/goetz-fm.com\/hu\/wp-json\/wp\/v2\/pages\/6422"}],"wp:attachment":[{"href":"https:\/\/goetz-fm.com\/hu\/wp-json\/wp\/v2\/media?parent=6328"}],"curies":[{"name":"wp","href":"https:\/\/api.w.org\/{rel}","templated":true}]}}