{"id":6336,"date":"2021-12-07T14:12:22","date_gmt":"2021-12-07T13:12:22","guid":{"rendered":"https:\/\/goetz-fm.com\/kontakt\/"},"modified":"2023-02-28T19:02:28","modified_gmt":"2023-02-28T18:02:28","slug":"kapcsolat","status":"publish","type":"page","link":"https:\/\/goetz-fm.com\/hu\/kapcsolat\/","title":{"rendered":"Kapcsolat"},"content":{"rendered":"\t\t<div data-elementor-type=\"wp-page\" data-elementor-id=\"6336\" class=\"elementor elementor-6336 elementor-210\" data-elementor-post-type=\"page\">\n\t\t\t\t\t\t<section class=\"elementor-section elementor-top-section elementor-element elementor-element-c8ea2ed elementor-section-height-min-height elementor-section-items-bottom elementor-section-boxed elementor-section-height-default\" data-id=\"c8ea2ed\" data-element_type=\"section\" data-e-type=\"section\" data-settings=\"{&quot;background_background&quot;:&quot;classic&quot;}\">\n\t\t\t\t\t\t<div class=\"elementor-container elementor-column-gap-default\">\n\t\t\t\t\t<div class=\"elementor-column elementor-col-100 elementor-top-column elementor-element elementor-element-41e56d0\" data-id=\"41e56d0\" data-element_type=\"column\" data-e-type=\"column\">\n\t\t\t<div class=\"elementor-widget-wrap\">\n\t\t\t\t\t\t\t<\/div>\n\t\t<\/div>\n\t\t\t\t\t<\/div>\n\t\t<\/section>\n\t\t\t\t<section class=\"elementor-section elementor-top-section elementor-element elementor-element-d947291 elementor-section-boxed elementor-section-height-default elementor-section-height-default\" data-id=\"d947291\" data-element_type=\"section\" data-e-type=\"section\">\n\t\t\t\t\t\t<div class=\"elementor-container elementor-column-gap-wider\">\n\t\t\t\t\t<div class=\"elementor-column elementor-col-100 elementor-top-column elementor-element elementor-element-efc0384\" data-id=\"efc0384\" data-element_type=\"column\" data-e-type=\"column\">\n\t\t\t<div class=\"elementor-widget-wrap elementor-element-populated\">\n\t\t\t\t\t\t<div class=\"elementor-element elementor-element-b3ab9d0 elementor-widget elementor-widget-breadcrumbs\" data-id=\"b3ab9d0\" data-element_type=\"widget\" data-e-type=\"widget\" data-widget_type=\"breadcrumbs.default\">\n\t\t\t\t<div class=\"elementor-widget-container\">\n\t\t\t\t\t<p id=\"breadcrumbs\"><span><span><a href=\"https:\/\/goetz-fm.com\/hu\/home\/\">Home<\/a><\/span><\/span><\/p>\t\t\t\t<\/div>\n\t\t\t\t<\/div>\n\t\t\t\t<div class=\"elementor-element elementor-element-060110b elementor-widget elementor-widget-heading\" data-id=\"060110b\" data-element_type=\"widget\" data-e-type=\"widget\" data-widget_type=\"heading.default\">\n\t\t\t\t<div class=\"elementor-widget-container\">\n\t\t\t\t\t<h1 class=\"elementor-heading-title elementor-size-default\">kapcsolattart\u00f3<\/h1>\t\t\t\t<\/div>\n\t\t\t\t<\/div>\n\t\t\t\t\t<\/div>\n\t\t<\/div>\n\t\t\t\t\t<\/div>\n\t\t<\/section>\n\t\t\t\t<section class=\"elementor-section elementor-top-section elementor-element elementor-element-75044ca elementor-reverse-tablet elementor-reverse-mobile content-width elementor-section-boxed elementor-section-height-default elementor-section-height-default\" data-id=\"75044ca\" data-element_type=\"section\" data-e-type=\"section\">\n\t\t\t\t\t\t<div class=\"elementor-container elementor-column-gap-wider\">\n\t\t\t\t\t<div class=\"elementor-column elementor-col-100 elementor-top-column elementor-element elementor-element-49c3b23\" data-id=\"49c3b23\" data-element_type=\"column\" data-e-type=\"column\">\n\t\t\t<div class=\"elementor-widget-wrap elementor-element-populated\">\n\t\t\t\t\t\t<div class=\"elementor-element elementor-element-22aef63 elementor-widget elementor-widget-text-editor\" data-id=\"22aef63\" data-element_type=\"widget\" data-e-type=\"widget\" data-widget_type=\"text-editor.default\">\n\t\t\t\t<div class=\"elementor-widget-container\">\n\t\t\t\t\t\t\t\t\t<p>Van valami k\u00e9rd\u00e9se, r\u00e9szletesebb inform\u00e1ci\u00f3ja egy adott t\u00e9m\u00e1r\u00f3l, vagy szeretne egy adott aj\u00e1nlatot? Akkor term\u00e9szetesen b\u00e1rmikor \u00e1llunk a rendelkez\u00e9s\u00e9re!<\/p>\t\t\t\t\t\t\t\t<\/div>\n\t\t\t\t<\/div>\n\t\t\t\t<div class=\"elementor-element elementor-element-4061e05 elementor-widget elementor-widget-text-editor\" data-id=\"4061e05\" data-element_type=\"widget\" data-e-type=\"widget\" data-widget_type=\"text-editor.default\">\n\t\t\t\t<div class=\"elementor-widget-container\">\n\t\t\t\t\t\t\t\t\t<div class=\"wpb_text_column wpb_content_element  tb_counter_1\"><div class=\"wpb_wrapper\"><h4>G\u00f6tz-Management-Holding AG<\/h4><p>Hauptverwaltung Regensburg<br \/>Hofer Stra\u00dfe 10<br \/>93057 Regensburg<\/p><p>T <a href=\"tel:+49 941 6404-0\">+49 941 6404-0<\/a><br \/>F +49 941 6404-190<br \/><a href=\"mailto:service@goetz-fm.com\">service@goetz-fm.com<\/a><\/p><\/div><\/div>\t\t\t\t\t\t\t\t<\/div>\n\t\t\t\t<\/div>\n\t\t\t\t\t<\/div>\n\t\t<\/div>\n\t\t\t\t\t<\/div>\n\t\t<\/section>\n\t\t\t\t<\/div>\n\t\t","protected":false},"excerpt":{"rendered":"<p>kapcsolattart\u00f3 Van valami k\u00e9rd\u00e9se, r\u00e9szletesebb inform\u00e1ci\u00f3ja egy adott t\u00e9m\u00e1r\u00f3l, vagy szeretne egy adott aj\u00e1nlatot? Akkor term\u00e9szetesen b\u00e1rmikor \u00e1llunk a rendelkez\u00e9s\u00e9re! G\u00f6tz-Management-Holding AG Hauptverwaltung RegensburgHofer Stra\u00dfe 1093057 Regensburg T +49 941 6404-0F +49 941 6404-190service@goetz-fm.com<\/p>\n","protected":false},"author":1,"featured_media":0,"parent":0,"menu_order":0,"comment_status":"closed","ping_status":"closed","template":"","meta":{"_acf_changed":false,"footnotes":""},"class_list":["post-6336","page","type-page","status-publish","hentry"],"acf":[],"yoast_head":"<!-- This site is optimized with the Yoast SEO plugin v27.2 - https:\/\/yoast.com\/product\/yoast-seo-wordpress\/ -->\n<title>Kapcsolat - G\u00f6tz-Gruppe<\/title>\n<meta name=\"description\" content=\"G\u00f6tz-Management-Holding AG, Hauptverwaltung Regensburg, Hofer Stra\u00dfe 10, 93057 Regensburg, T +49 941 6404-0\" \/>\n<meta name=\"robots\" content=\"index, follow, max-snippet:-1, max-image-preview:large, max-video-preview:-1\" \/>\n<link rel=\"canonical\" href=\"https:\/\/goetz-fm.com\/hu\/kapcsolat\/\" \/>\n<meta property=\"og:locale\" content=\"hu_HU\" \/>\n<meta property=\"og:type\" content=\"article\" \/>\n<meta property=\"og:title\" content=\"Kapcsolat - G\u00f6tz-Gruppe\" \/>\n<meta property=\"og:description\" content=\"G\u00f6tz-Management-Holding AG, Hauptverwaltung Regensburg, Hofer Stra\u00dfe 10, 93057 Regensburg, T +49 941 6404-0\" \/>\n<meta property=\"og:url\" content=\"https:\/\/goetz-fm.com\/hu\/kapcsolat\/\" \/>\n<meta property=\"og:site_name\" content=\"G\u00f6tz-Gruppe\" \/>\n<meta property=\"article:modified_time\" content=\"2023-02-28T18:02:28+00:00\" \/>\n<meta name=\"twitter:card\" content=\"summary_large_image\" \/>\n<meta name=\"twitter:label1\" content=\"Becs\u00fclt olvas\u00e1si id\u0151\" \/>\n\t<meta name=\"twitter:data1\" content=\"1 perc\" \/>\n<script type=\"application\/ld+json\" class=\"yoast-schema-graph\">{\"@context\":\"https:\/\/schema.org\",\"@graph\":[{\"@type\":\"WebPage\",\"@id\":\"https:\/\/goetz-fm.com\/hu\/kapcsolat\/\",\"url\":\"https:\/\/goetz-fm.com\/hu\/kapcsolat\/\",\"name\":\"Kapcsolat - G\u00f6tz-Gruppe\",\"isPartOf\":{\"@id\":\"https:\/\/goetz-fm.com\/hu\/#website\"},\"datePublished\":\"2021-12-07T13:12:22+00:00\",\"dateModified\":\"2023-02-28T18:02:28+00:00\",\"description\":\"G\u00f6tz-Management-Holding AG, Hauptverwaltung Regensburg, Hofer Stra\u00dfe 10, 93057 Regensburg, T +49 941 6404-0\",\"breadcrumb\":{\"@id\":\"https:\/\/goetz-fm.com\/hu\/kapcsolat\/#breadcrumb\"},\"inLanguage\":\"hu\",\"potentialAction\":[{\"@type\":\"ReadAction\",\"target\":[\"https:\/\/goetz-fm.com\/hu\/kapcsolat\/\"]}]},{\"@type\":\"BreadcrumbList\",\"@id\":\"https:\/\/goetz-fm.com\/hu\/kapcsolat\/#breadcrumb\",\"itemListElement\":[{\"@type\":\"ListItem\",\"position\":1,\"name\":\"Home\",\"item\":\"https:\/\/goetz-fm.com\/hu\/home\/\"},{\"@type\":\"ListItem\",\"position\":2,\"name\":\"Kapcsolat\"}]},{\"@type\":\"WebSite\",\"@id\":\"https:\/\/goetz-fm.com\/hu\/#website\",\"url\":\"https:\/\/goetz-fm.com\/hu\/\",\"name\":\"G\u00f6tz-Gruppe\",\"description\":\"Quality Services\",\"publisher\":{\"@id\":\"https:\/\/goetz-fm.com\/hu\/#organization\"},\"potentialAction\":[{\"@type\":\"SearchAction\",\"target\":{\"@type\":\"EntryPoint\",\"urlTemplate\":\"https:\/\/goetz-fm.com\/hu\/?s={search_term_string}\"},\"query-input\":{\"@type\":\"PropertyValueSpecification\",\"valueRequired\":true,\"valueName\":\"search_term_string\"}}],\"inLanguage\":\"hu\"},{\"@type\":\"Organization\",\"@id\":\"https:\/\/goetz-fm.com\/hu\/#organization\",\"name\":\"G\u00f6tz-Management-Holding AG\",\"url\":\"https:\/\/goetz-fm.com\/hu\/\",\"logo\":{\"@type\":\"ImageObject\",\"inLanguage\":\"hu\",\"@id\":\"https:\/\/goetz-fm.com\/hu\/#\/schema\/logo\/image\/\",\"url\":\"https:\/\/goetz-fm.com\/wp-content\/uploads\/goetz_logo.svg\",\"contentUrl\":\"https:\/\/goetz-fm.com\/wp-content\/uploads\/goetz_logo.svg\",\"width\":1098,\"height\":436,\"caption\":\"G\u00f6tz-Management-Holding AG\"},\"image\":{\"@id\":\"https:\/\/goetz-fm.com\/hu\/#\/schema\/logo\/image\/\"}}]}<\/script>\n<!-- \/ Yoast SEO plugin. -->","yoast_head_json":{"title":"Kapcsolat - G\u00f6tz-Gruppe","description":"G\u00f6tz-Management-Holding AG, Hauptverwaltung Regensburg, Hofer Stra\u00dfe 10, 93057 Regensburg, T +49 941 6404-0","robots":{"index":"index","follow":"follow","max-snippet":"max-snippet:-1","max-image-preview":"max-image-preview:large","max-video-preview":"max-video-preview:-1"},"canonical":"https:\/\/goetz-fm.com\/hu\/kapcsolat\/","og_locale":"hu_HU","og_type":"article","og_title":"Kapcsolat - G\u00f6tz-Gruppe","og_description":"G\u00f6tz-Management-Holding AG, Hauptverwaltung Regensburg, Hofer Stra\u00dfe 10, 93057 Regensburg, T +49 941 6404-0","og_url":"https:\/\/goetz-fm.com\/hu\/kapcsolat\/","og_site_name":"G\u00f6tz-Gruppe","article_modified_time":"2023-02-28T18:02:28+00:00","twitter_card":"summary_large_image","twitter_misc":{"Becs\u00fclt olvas\u00e1si id\u0151":"1 perc"},"schema":{"@context":"https:\/\/schema.org","@graph":[{"@type":"WebPage","@id":"https:\/\/goetz-fm.com\/hu\/kapcsolat\/","url":"https:\/\/goetz-fm.com\/hu\/kapcsolat\/","name":"Kapcsolat - G\u00f6tz-Gruppe","isPartOf":{"@id":"https:\/\/goetz-fm.com\/hu\/#website"},"datePublished":"2021-12-07T13:12:22+00:00","dateModified":"2023-02-28T18:02:28+00:00","description":"G\u00f6tz-Management-Holding AG, Hauptverwaltung Regensburg, Hofer Stra\u00dfe 10, 93057 Regensburg, T +49 941 6404-0","breadcrumb":{"@id":"https:\/\/goetz-fm.com\/hu\/kapcsolat\/#breadcrumb"},"inLanguage":"hu","potentialAction":[{"@type":"ReadAction","target":["https:\/\/goetz-fm.com\/hu\/kapcsolat\/"]}]},{"@type":"BreadcrumbList","@id":"https:\/\/goetz-fm.com\/hu\/kapcsolat\/#breadcrumb","itemListElement":[{"@type":"ListItem","position":1,"name":"Home","item":"https:\/\/goetz-fm.com\/hu\/home\/"},{"@type":"ListItem","position":2,"name":"Kapcsolat"}]},{"@type":"WebSite","@id":"https:\/\/goetz-fm.com\/hu\/#website","url":"https:\/\/goetz-fm.com\/hu\/","name":"G\u00f6tz-Gruppe","description":"Quality Services","publisher":{"@id":"https:\/\/goetz-fm.com\/hu\/#organization"},"potentialAction":[{"@type":"SearchAction","target":{"@type":"EntryPoint","urlTemplate":"https:\/\/goetz-fm.com\/hu\/?s={search_term_string}"},"query-input":{"@type":"PropertyValueSpecification","valueRequired":true,"valueName":"search_term_string"}}],"inLanguage":"hu"},{"@type":"Organization","@id":"https:\/\/goetz-fm.com\/hu\/#organization","name":"G\u00f6tz-Management-Holding AG","url":"https:\/\/goetz-fm.com\/hu\/","logo":{"@type":"ImageObject","inLanguage":"hu","@id":"https:\/\/goetz-fm.com\/hu\/#\/schema\/logo\/image\/","url":"https:\/\/goetz-fm.com\/wp-content\/uploads\/goetz_logo.svg","contentUrl":"https:\/\/goetz-fm.com\/wp-content\/uploads\/goetz_logo.svg","width":1098,"height":436,"caption":"G\u00f6tz-Management-Holding AG"},"image":{"@id":"https:\/\/goetz-fm.com\/hu\/#\/schema\/logo\/image\/"}}]}},"_links":{"self":[{"href":"https:\/\/goetz-fm.com\/hu\/wp-json\/wp\/v2\/pages\/6336","targetHints":{"allow":["GET"]}}],"collection":[{"href":"https:\/\/goetz-fm.com\/hu\/wp-json\/wp\/v2\/pages"}],"about":[{"href":"https:\/\/goetz-fm.com\/hu\/wp-json\/wp\/v2\/types\/page"}],"author":[{"embeddable":true,"href":"https:\/\/goetz-fm.com\/hu\/wp-json\/wp\/v2\/users\/1"}],"replies":[{"embeddable":true,"href":"https:\/\/goetz-fm.com\/hu\/wp-json\/wp\/v2\/comments?post=6336"}],"version-history":[{"count":0,"href":"https:\/\/goetz-fm.com\/hu\/wp-json\/wp\/v2\/pages\/6336\/revisions"}],"wp:attachment":[{"href":"https:\/\/goetz-fm.com\/hu\/wp-json\/wp\/v2\/media?parent=6336"}],"curies":[{"name":"wp","href":"https:\/\/api.w.org\/{rel}","templated":true}]}}